{"id":17279,"date":"2022-11-09T14:24:25","date_gmt":"2022-11-09T14:24:25","guid":{"rendered":"http:\/\/estesaglik.de\/?page_id=17279"},"modified":"2022-11-18T18:19:33","modified_gmt":"2022-11-18T18:19:33","slug":"oncesi-sonrasi-este-saglik","status":"publish","type":"page","link":"https:\/\/estesaglik.de\/en\/oncesi-sonrasi-este-saglik\/","title":{"rendered":"\u00d6ncesi &#038; Sonras\u0131"},"content":{"rendered":"<div data-elementor-type=\"wp-page\" data-elementor-id=\"17279\" class=\"elementor elementor-17279\" data-elementor-post-type=\"page\">\n\t\t\t\t\t\t<section class=\"elementor-section elementor-top-section elementor-element elementor-element-84b0c0a ts-col-stretched-none ts-bg-color-over-image elementor-section-boxed elementor-section-height-default elementor-section-height-default\" data-id=\"84b0c0a\" data-element_type=\"section\">\n\t\t\t\t\t\t<div class=\"elementor-container elementor-column-gap-default\">\n\t\t\t\t\t<div class=\"elementor-column elementor-col-100 elementor-top-column elementor-element elementor-element-29b0358 ts-bg-color-over-image\" data-id=\"29b0358\" data-element_type=\"column\">\n\t\t\t<div class=\"elementor-widget-wrap\">\n\t\t\t\t\t\t\t<\/div>\n\t\t<\/div>\n\t\t\t\t\t<\/div>\n\t\t<\/section>\n\t\t\t\t<section class=\"elementor-section elementor-top-section elementor-element elementor-element-362d780 ts-col-stretched-none ts-bg-color-over-image elementor-section-boxed elementor-section-height-default elementor-section-height-default\" data-id=\"362d780\" data-element_type=\"section\">\n\t\t\t\t\t\t<div class=\"elementor-container elementor-column-gap-default\">\n\t\t\t\t\t<div class=\"elementor-column elementor-col-100 elementor-top-column elementor-element elementor-element-4e2d8c0 ts-bg-color-over-image\" data-id=\"4e2d8c0\" data-element_type=\"column\">\n\t\t\t<div class=\"elementor-widget-wrap elementor-element-populated\">\n\t\t\t\t\t\t<div class=\"elementor-element elementor-element-64f5b94 gallery-spacing-custom elementor-widget elementor-widget-image-gallery\" data-id=\"64f5b94\" data-element_type=\"widget\" data-widget_type=\"image-gallery.default\">\n\t\t\t\t<div class=\"elementor-widget-container\">\n\t\t\t<style>\/*! elementor - v3.23.0 - 05-08-2024 *\/\n.elementor-image-gallery .gallery-item{display:inline-block;text-align:center;vertical-align:top;width:100%;max-width:100%;margin:0 auto}.elementor-image-gallery .gallery-item img{margin:0 auto}.elementor-image-gallery .gallery-item .gallery-caption{margin:0}.elementor-image-gallery figure img{display:block}.elementor-image-gallery figure figcaption{width:100%}.gallery-spacing-custom .elementor-image-gallery .gallery-icon{padding:0}@media (min-width:768px){.elementor-image-gallery .gallery-columns-2 .gallery-item{max-width:50%}.elementor-image-gallery .gallery-columns-3 .gallery-item{max-width:33.33%}.elementor-image-gallery .gallery-columns-4 .gallery-item{max-width:25%}.elementor-image-gallery .gallery-columns-5 .gallery-item{max-width:20%}.elementor-image-gallery .gallery-columns-6 .gallery-item{max-width:16.666%}.elementor-image-gallery .gallery-columns-7 .gallery-item{max-width:14.28%}.elementor-image-gallery .gallery-columns-8 .gallery-item{max-width:12.5%}.elementor-image-gallery .gallery-columns-9 .gallery-item{max-width:11.11%}.elementor-image-gallery .gallery-columns-10 .gallery-item{max-width:10%}}@media (min-width:480px) and (max-width:767px){.elementor-image-gallery .gallery.gallery-columns-2 .gallery-item,.elementor-image-gallery .gallery.gallery-columns-3 .gallery-item,.elementor-image-gallery .gallery.gallery-columns-4 .gallery-item,.elementor-image-gallery .gallery.gallery-columns-5 .gallery-item,.elementor-image-gallery .gallery.gallery-columns-6 .gallery-item,.elementor-image-gallery .gallery.gallery-columns-7 .gallery-item,.elementor-image-gallery .gallery.gallery-columns-8 .gallery-item,.elementor-image-gallery .gallery.gallery-columns-9 .gallery-item,.elementor-image-gallery .gallery.gallery-columns-10 .gallery-item{max-width:50%}}@media (max-width:479px){.elementor-image-gallery .gallery.gallery-columns-2 .gallery-item,.elementor-image-gallery .gallery.gallery-columns-3 .gallery-item,.elementor-image-gallery .gallery.gallery-columns-4 .gallery-item,.elementor-image-gallery .gallery.gallery-columns-5 .gallery-item,.elementor-image-gallery .gallery.gallery-columns-6 .gallery-item,.elementor-image-gallery .gallery.gallery-columns-7 .gallery-item,.elementor-image-gallery .gallery.gallery-columns-8 .gallery-item,.elementor-image-gallery .gallery.gallery-columns-9 .gallery-item,.elementor-image-gallery .gallery.gallery-columns-10 .gallery-item{max-width:100%}}<\/style>\t\t<div class=\"elementor-image-gallery\">\n\t\t\t<div id='gallery-1' class='gallery galleryid-17279 gallery-columns-3 gallery-size-medium_large'><figure class='gallery-item'>\n\t\t\t<div class='gallery-icon landscape'>\n\t\t\t\t<a data-elementor-open-lightbox=\"yes\" data-elementor-lightbox-slideshow=\"64f5b94\" data-elementor-lightbox-title=\"b6575\" data-e-action-hash=\"#elementor-action%3Aaction%3Dlightbox%26settings%3DeyJpZCI6MTcyODEsInVybCI6Imh0dHBzOlwvXC9lc3Rlc2FnbGlrLmRlXC93cC1jb250ZW50XC91cGxvYWRzXC8yMDIyXC8xMVwvYjY1NzUuanBnIiwic2xpZGVzaG93IjoiNjRmNWI5NCJ9\" href='https:\/\/estesaglik.de\/wp-content\/uploads\/2022\/11\/b6575.jpg'><img fetchpriority=\"high\" decoding=\"async\" width=\"768\" height=\"512\" src=\"https:\/\/estesaglik.de\/wp-content\/uploads\/2022\/11\/b6575-768x512.jpg\" class=\"attachment-medium_large size-medium_large\" alt=\"\" srcset=\"https:\/\/estesaglik.de\/wp-content\/uploads\/2022\/11\/b6575-768x512.jpg 768w, https:\/\/estesaglik.de\/wp-content\/uploads\/2022\/11\/b6575-300x200.jpg 300w, https:\/\/estesaglik.de\/wp-content\/uploads\/2022\/11\/b6575-1024x683.jpg 1024w, https:\/\/estesaglik.de\/wp-content\/uploads\/2022\/11\/b6575-600x400.jpg 600w, https:\/\/estesaglik.de\/wp-content\/uploads\/2022\/11\/b6575.jpg 1200w\" sizes=\"(max-width: 768px) 100vw, 768px\" data-id=\"17281\" \/><\/a>\n\t\t\t<\/div><\/figure><figure class='gallery-item'>\n\t\t\t<div class='gallery-icon landscape'>\n\t\t\t\t<a data-elementor-open-lightbox=\"yes\" data-elementor-lightbox-slideshow=\"64f5b94\" data-elementor-lightbox-title=\"este_saglik_sakal_ekimi1\" data-e-action-hash=\"#elementor-action%3Aaction%3Dlightbox%26settings%3DeyJpZCI6MTcyODIsInVybCI6Imh0dHBzOlwvXC9lc3Rlc2FnbGlrLmRlXC93cC1jb250ZW50XC91cGxvYWRzXC8yMDIyXC8xMVwvZXN0ZV9zYWdsaWtfc2FrYWxfZWtpbWkxLmpwZyIsInNsaWRlc2hvdyI6IjY0ZjViOTQifQ%3D%3D\" href='https:\/\/estesaglik.de\/wp-content\/uploads\/2022\/11\/este_saglik_sakal_ekimi1.jpg'><img decoding=\"async\" width=\"768\" height=\"512\" src=\"https:\/\/estesaglik.de\/wp-content\/uploads\/2022\/11\/este_saglik_sakal_ekimi1-768x512.jpg\" class=\"attachment-medium_large size-medium_large\" alt=\"\" srcset=\"https:\/\/estesaglik.de\/wp-content\/uploads\/2022\/11\/este_saglik_sakal_ekimi1-768x512.jpg 768w, https:\/\/estesaglik.de\/wp-content\/uploads\/2022\/11\/este_saglik_sakal_ekimi1-300x200.jpg 300w, https:\/\/estesaglik.de\/wp-content\/uploads\/2022\/11\/este_saglik_sakal_ekimi1-1024x683.jpg 1024w, https:\/\/estesaglik.de\/wp-content\/uploads\/2022\/11\/este_saglik_sakal_ekimi1-600x400.jpg 600w, https:\/\/estesaglik.de\/wp-content\/uploads\/2022\/11\/este_saglik_sakal_ekimi1.jpg 1200w\" sizes=\"(max-width: 768px) 100vw, 768px\" data-id=\"17282\" \/><\/a>\n\t\t\t<\/div><\/figure><figure class='gallery-item'>\n\t\t\t<div class='gallery-icon landscape'>\n\t\t\t\t<a data-elementor-open-lightbox=\"yes\" data-elementor-lightbox-slideshow=\"64f5b94\" data-elementor-lightbox-title=\"este_Saglik_sakal_ekimi2\" data-e-action-hash=\"#elementor-action%3Aaction%3Dlightbox%26settings%3DeyJpZCI6MTcyODMsInVybCI6Imh0dHBzOlwvXC9lc3Rlc2FnbGlrLmRlXC93cC1jb250ZW50XC91cGxvYWRzXC8yMDIyXC8xMVwvZXN0ZV9TYWdsaWtfc2FrYWxfZWtpbWkyLmpwZyIsInNsaWRlc2hvdyI6IjY0ZjViOTQifQ%3D%3D\" href='https:\/\/estesaglik.de\/wp-content\/uploads\/2022\/11\/este_Saglik_sakal_ekimi2.jpg'><img decoding=\"async\" width=\"768\" height=\"512\" src=\"https:\/\/estesaglik.de\/wp-content\/uploads\/2022\/11\/este_Saglik_sakal_ekimi2-768x512.jpg\" class=\"attachment-medium_large size-medium_large\" alt=\"\" srcset=\"https:\/\/estesaglik.de\/wp-content\/uploads\/2022\/11\/este_Saglik_sakal_ekimi2-768x512.jpg 768w, https:\/\/estesaglik.de\/wp-content\/uploads\/2022\/11\/este_Saglik_sakal_ekimi2-300x200.jpg 300w, https:\/\/estesaglik.de\/wp-content\/uploads\/2022\/11\/este_Saglik_sakal_ekimi2-1024x683.jpg 1024w, https:\/\/estesaglik.de\/wp-content\/uploads\/2022\/11\/este_Saglik_sakal_ekimi2-600x400.jpg 600w, https:\/\/estesaglik.de\/wp-content\/uploads\/2022\/11\/este_Saglik_sakal_ekimi2.jpg 1200w\" sizes=\"(max-width: 768px) 100vw, 768px\" data-id=\"17283\" \/><\/a>\n\t\t\t<\/div><\/figure><figure class='gallery-item'>\n\t\t\t<div class='gallery-icon landscape'>\n\t\t\t\t<a data-elementor-open-lightbox=\"yes\" data-elementor-lightbox-slideshow=\"64f5b94\" data-elementor-lightbox-title=\"estesaglkik3\" data-e-action-hash=\"#elementor-action%3Aaction%3Dlightbox%26settings%3DeyJpZCI6MTcyODQsInVybCI6Imh0dHBzOlwvXC9lc3Rlc2FnbGlrLmRlXC93cC1jb250ZW50XC91cGxvYWRzXC8yMDIyXC8xMVwvZXN0ZXNhZ2xraWszLmpwZyIsInNsaWRlc2hvdyI6IjY0ZjViOTQifQ%3D%3D\" href='https:\/\/estesaglik.de\/wp-content\/uploads\/2022\/11\/estesaglkik3.jpg'><img loading=\"lazy\" decoding=\"async\" width=\"768\" height=\"512\" src=\"https:\/\/estesaglik.de\/wp-content\/uploads\/2022\/11\/estesaglkik3-768x512.jpg\" class=\"attachment-medium_large size-medium_large\" alt=\"\" srcset=\"https:\/\/estesaglik.de\/wp-content\/uploads\/2022\/11\/estesaglkik3-768x512.jpg 768w, https:\/\/estesaglik.de\/wp-content\/uploads\/2022\/11\/estesaglkik3-300x200.jpg 300w, https:\/\/estesaglik.de\/wp-content\/uploads\/2022\/11\/estesaglkik3-1024x683.jpg 1024w, https:\/\/estesaglik.de\/wp-content\/uploads\/2022\/11\/estesaglkik3-600x400.jpg 600w, https:\/\/estesaglik.de\/wp-content\/uploads\/2022\/11\/estesaglkik3.jpg 1200w\" sizes=\"(max-width: 768px) 100vw, 768px\" data-id=\"17284\" \/><\/a>\n\t\t\t<\/div><\/figure><figure class='gallery-item'>\n\t\t\t<div class='gallery-icon landscape'>\n\t\t\t\t<a data-elementor-open-lightbox=\"yes\" data-elementor-lightbox-slideshow=\"64f5b94\" data-elementor-lightbox-title=\"gg556\" data-e-action-hash=\"#elementor-action%3Aaction%3Dlightbox%26settings%3DeyJpZCI6MTcyODUsInVybCI6Imh0dHBzOlwvXC9lc3Rlc2FnbGlrLmRlXC93cC1jb250ZW50XC91cGxvYWRzXC8yMDIyXC8xMVwvZ2c1NTYuanBnIiwic2xpZGVzaG93IjoiNjRmNWI5NCJ9\" href='https:\/\/estesaglik.de\/wp-content\/uploads\/2022\/11\/gg556.jpg'><img loading=\"lazy\" decoding=\"async\" width=\"768\" height=\"512\" src=\"https:\/\/estesaglik.de\/wp-content\/uploads\/2022\/11\/gg556-768x512.jpg\" class=\"attachment-medium_large size-medium_large\" alt=\"\" srcset=\"https:\/\/estesaglik.de\/wp-content\/uploads\/2022\/11\/gg556-768x512.jpg 768w, https:\/\/estesaglik.de\/wp-content\/uploads\/2022\/11\/gg556-300x200.jpg 300w, https:\/\/estesaglik.de\/wp-content\/uploads\/2022\/11\/gg556-1024x683.jpg 1024w, https:\/\/estesaglik.de\/wp-content\/uploads\/2022\/11\/gg556-600x400.jpg 600w, https:\/\/estesaglik.de\/wp-content\/uploads\/2022\/11\/gg556.jpg 1200w\" sizes=\"(max-width: 768px) 100vw, 768px\" data-id=\"17285\" \/><\/a>\n\t\t\t<\/div><\/figure><figure class='gallery-item'>\n\t\t\t<div class='gallery-icon landscape'>\n\t\t\t\t<a data-elementor-open-lightbox=\"yes\" data-elementor-lightbox-slideshow=\"64f5b94\" data-elementor-lightbox-title=\"v55\" data-e-action-hash=\"#elementor-action%3Aaction%3Dlightbox%26settings%3DeyJpZCI6MTcyODYsInVybCI6Imh0dHBzOlwvXC9lc3Rlc2FnbGlrLmRlXC93cC1jb250ZW50XC91cGxvYWRzXC8yMDIyXC8xMVwvdjU1LmpwZyIsInNsaWRlc2hvdyI6IjY0ZjViOTQifQ%3D%3D\" href='https:\/\/estesaglik.de\/wp-content\/uploads\/2022\/11\/v55.jpg'><img loading=\"lazy\" decoding=\"async\" width=\"768\" height=\"512\" src=\"https:\/\/estesaglik.de\/wp-content\/uploads\/2022\/11\/v55-768x512.jpg\" class=\"attachment-medium_large size-medium_large\" alt=\"\" srcset=\"https:\/\/estesaglik.de\/wp-content\/uploads\/2022\/11\/v55-768x512.jpg 768w, https:\/\/estesaglik.de\/wp-content\/uploads\/2022\/11\/v55-300x200.jpg 300w, https:\/\/estesaglik.de\/wp-content\/uploads\/2022\/11\/v55-1024x683.jpg 1024w, https:\/\/estesaglik.de\/wp-content\/uploads\/2022\/11\/v55-600x400.jpg 600w, https:\/\/estesaglik.de\/wp-content\/uploads\/2022\/11\/v55.jpg 1200w\" sizes=\"(max-width: 768px) 100vw, 768px\" data-id=\"17286\" \/><\/a>\n\t\t\t<\/div><\/figure>\n\t\t<\/div>\n\t\t<\/div>\n\t\t\t\t<\/div>\n\t\t\t\t<\/div>\n\t\t\t\t\t<\/div>\n\t\t<\/div>\n\t\t\t\t\t<\/div>\n\t\t<\/section>\n\t\t\t\t<section class=\"elementor-section elementor-top-section elementor-element elementor-element-5facd37 ts-col-stretched-none ts-bg-color-over-image elementor-section-boxed elementor-section-height-default elementor-section-height-default\" data-id=\"5facd37\" data-element_type=\"section\">\n\t\t\t\t\t\t<div class=\"elementor-container elementor-column-gap-default\">\n\t\t\t\t\t<div class=\"elementor-column elementor-col-100 elementor-top-column elementor-element elementor-element-be82418 ts-bg-color-over-image\" data-id=\"be82418\" data-element_type=\"column\">\n\t\t\t<div class=\"elementor-widget-wrap\">\n\t\t\t\t\t\t\t<\/div>\n\t\t<\/div>\n\t\t\t\t\t<\/div>\n\t\t<\/section>\n\t\t\t\t<\/div>","protected":false},"excerpt":{"rendered":"<p>Este Sa\u011fl\u0131k Ile \u00d6nce Sa\u011fl\u0131k Kendini Yeniden Ke\u015ffeden Ziyaret\u00e7ilerimizle Tan\u0131\u015f\u0131n!<\/p>","protected":false},"author":8,"featured_media":0,"parent":0,"menu_order":0,"comment_status":"closed","ping_status":"closed","template":"","meta":{"footnotes":""},"class_list":["post-17279","page","type-page","status-publish","hentry"],"aioseo_notices":[],"_links":{"self":[{"href":"https:\/\/estesaglik.de\/en\/wp-json\/wp\/v2\/pages\/17279","targetHints":{"allow":["GET"]}}],"collection":[{"href":"https:\/\/estesaglik.de\/en\/wp-json\/wp\/v2\/pages"}],"about":[{"href":"https:\/\/estesaglik.de\/en\/wp-json\/wp\/v2\/types\/page"}],"author":[{"embeddable":true,"href":"https:\/\/estesaglik.de\/en\/wp-json\/wp\/v2\/users\/8"}],"replies":[{"embeddable":true,"href":"https:\/\/estesaglik.de\/en\/wp-json\/wp\/v2\/comments?post=17279"}],"version-history":[{"count":13,"href":"https:\/\/estesaglik.de\/en\/wp-json\/wp\/v2\/pages\/17279\/revisions"}],"predecessor-version":[{"id":17709,"href":"https:\/\/estesaglik.de\/en\/wp-json\/wp\/v2\/pages\/17279\/revisions\/17709"}],"wp:attachment":[{"href":"https:\/\/estesaglik.de\/en\/wp-json\/wp\/v2\/media?parent=17279"}],"curies":[{"name":"wp","href":"https:\/\/api.w.org\/{rel}","templated":true}]}}