{"id":17425,"date":"2022-11-11T21:11:09","date_gmt":"2022-11-11T21:11:09","guid":{"rendered":"http:\/\/estesaglik.de\/?page_id=17425"},"modified":"2024-10-14T07:56:25","modified_gmt":"2024-10-14T07:56:25","slug":"safir-fue-sac-ekimi","status":"publish","type":"page","link":"https:\/\/estesaglik.de\/en\/safir-fue-sac-ekimi\/","title":{"rendered":"Sapphire FUE Haartransplantation"},"content":{"rendered":"<div data-elementor-type=\"wp-page\" data-elementor-id=\"17425\" class=\"elementor elementor-17425\" data-elementor-post-type=\"page\">\n\t\t\t\t\t\t<div class=\"elementor-section elementor-top-section elementor-element elementor-element-5256a7e elementor-section-stretched ts-col-stretched-none ts-bg-color-over-image elementor-section-boxed elementor-section-height-default elementor-section-height-default\" data-id=\"5256a7e\" data-element_type=\"section\" data-settings=\"{&quot;stretch_section&quot;:&quot;section-stretched&quot;}\">\n\t\t\t\t\t\t<div class=\"elementor-container elementor-column-gap-default\">\n\t\t\t\t\t<div class=\"elementor-column elementor-col-33 elementor-top-column elementor-element elementor-element-1d1379c ts-bg-color-over-image\" data-id=\"1d1379c\" data-element_type=\"column\">\n\t\t\t<div class=\"elementor-widget-wrap elementor-element-populated\">\n\t\t\t\t\t\t\t<\/div>\n\t\t<\/div>\n\t\t\t\t<div class=\"elementor-column elementor-col-66 elementor-top-column elementor-element elementor-element-b67a8c8 ts-bg-color-over-image\" data-id=\"b67a8c8\" data-element_type=\"column\">\n\t\t\t<div class=\"elementor-widget-wrap elementor-element-populated\">\n\t\t\t\t\t\t<div class=\"elementor-element elementor-element-6c78655 elementor-widget elementor-widget-heading\" data-id=\"6c78655\" data-element_type=\"widget\" data-widget_type=\"heading.default\">\n\t\t\t\t<div class=\"elementor-widget-container\">\n\t\t\t<style>\/*! elementor - v3.23.0 - 05-08-2024 *\/\n.elementor-heading-title{padding:0;margin:0;line-height:1}.elementor-widget-heading .elementor-heading-title[class*=elementor-size-]>a{color:inherit;font-size:inherit;line-height:inherit}.elementor-widget-heading .elementor-heading-title.elementor-size-small{font-size:15px}.elementor-widget-heading .elementor-heading-title.elementor-size-medium{font-size:19px}.elementor-widget-heading .elementor-heading-title.elementor-size-large{font-size:29px}.elementor-widget-heading .elementor-heading-title.elementor-size-xl{font-size:39px}.elementor-widget-heading .elementor-heading-title.elementor-size-xxl{font-size:59px}<\/style><h4 class=\"elementor-heading-title elementor-size-default\">Sapphire FUE Haartransplantation<\/h4>\t\t<\/div>\n\t\t\t\t<\/div>\n\t\t\t\t<div class=\"elementor-element elementor-element-1332a81 elementor-widget elementor-widget-text-editor\" data-id=\"1332a81\" data-element_type=\"widget\" data-widget_type=\"text-editor.default\">\n\t\t\t\t<div class=\"elementor-widget-container\">\n\t\t\t<style>\/*! elementor - v3.23.0 - 05-08-2024 *\/\n.elementor-widget-text-editor.elementor-drop-cap-view-stacked .elementor-drop-cap{background-color:#69727d;color:#fff}.elementor-widget-text-editor.elementor-drop-cap-view-framed .elementor-drop-cap{color:#69727d;border:3px solid;background-color:transparent}.elementor-widget-text-editor:not(.elementor-drop-cap-view-default) .elementor-drop-cap{margin-top:8px}.elementor-widget-text-editor:not(.elementor-drop-cap-view-default) .elementor-drop-cap-letter{width:1em;height:1em}.elementor-widget-text-editor .elementor-drop-cap{float:left;text-align:center;line-height:1;font-size:50px}.elementor-widget-text-editor .elementor-drop-cap-letter{display:inline-block}<\/style>\t\t\t\t<p><strong>Was ist die Sapphire FUE Haartransplantation?<\/strong><br \/>Es handelt sich um die Durchf\u00fchrung der Kanal\u00f6ffnung, die die zweite Phase der Haartransplantation darstellt, mit Spitzen, die aus dem wertvollen Edelstein Saphir gefertigt sind, in Kombination mit der bestehenden FUE-Haartransplantationsmethode.<\/p><p>Bei der Sapphire FUE-Haartransplantationsmethode bleibt der erste Schritt des Wurzellentnahmeprozesses sowie der letzte Schritt der Implantation, die beide Teil der klassischen FUE-Methode sind, identisch. Der Unterschied liegt im zweiten Schritt, bei dem anstelle eines lateralen Slits Diamant-Saphir-Spitzen verwendet werden.<\/p><p>Der Grund f\u00fcr die Wahl der Saphir-Spitzen ist, dass sie kleiner als Slits sind, die Verformung der Haut minimieren, die M\u00f6glichkeit bieten, Mikrotunnel zu schaffen und somit eine dichtere und nat\u00fcrlichere Haartransplantation erm\u00f6glichen.<\/p>\t\t\t\t\t\t<\/div>\n\t\t\t\t<\/div>\n\t\t\t\t<div class=\"elementor-section elementor-inner-section elementor-element elementor-element-61ed4d0 ts-col-stretched-none ts-bg-color-over-image elementor-section-boxed elementor-section-height-default elementor-section-height-default\" data-id=\"61ed4d0\" data-element_type=\"section\">\n\t\t\t\t\t\t<div class=\"elementor-container elementor-column-gap-default\">\n\t\t\t\t\t<div class=\"elementor-column elementor-col-100 elementor-inner-column elementor-element elementor-element-4edc182 ts-bg-color-over-image\" data-id=\"4edc182\" data-element_type=\"column\">\n\t\t\t<div class=\"elementor-widget-wrap elementor-element-populated\">\n\t\t\t\t\t\t<div class=\"elementor-element elementor-element-e5eb9d2 elementor-widget elementor-widget-heading\" data-id=\"e5eb9d2\" data-element_type=\"widget\" data-widget_type=\"heading.default\">\n\t\t\t\t<div class=\"elementor-widget-container\">\n\t\t\t<h4 class=\"elementor-heading-title elementor-size-default\">H\u00e4ufig gestellte Fragen (FAQ)<\/h4>\t\t<\/div>\n\t\t\t\t<\/div>\n\t\t\t\t<div class=\"elementor-element elementor-element-3c233a9 elementor-widget elementor-widget-text-editor\" data-id=\"3c233a9\" data-element_type=\"widget\" data-widget_type=\"text-editor.default\">\n\t\t\t\t<div class=\"elementor-widget-container\">\n\t\t\t\t\t\t\t<section data-id=\"a847f3f\" data-element_type=\"section\"><div data-id=\"d2de250\" data-element_type=\"column\"><div data-id=\"43158c7\" data-element_type=\"widget\" data-widget_type=\"text-editor.default\">Es ist uns wichtig, Sie schnell \u00fcber die Themen zu informieren, die Sie vor und nach Ihrer Reise zur Haar-, Bart- und Augenbrauentransplantation interessieren. Haben Sie unsere h\u00e4ufig gestellten Fragen bereits durchgesehen? Wenn Sie weitere Informationen w\u00fcnschen, k\u00f6nnen Sie uns jederzeit kontaktieren.<\/div><\/div><\/section>\t\t\t\t\t\t<\/div>\n\t\t\t\t<\/div>\n\t\t\t\t<div class=\"elementor-element elementor-element-41f4e8e elementor-widget elementor-widget-accordion\" data-id=\"41f4e8e\" data-element_type=\"widget\" data-widget_type=\"accordion.default\">\n\t\t\t\t<div class=\"elementor-widget-container\">\n\t\t\t<style>\/*! elementor - v3.23.0 - 05-08-2024 *\/\n.elementor-accordion{text-align:start}.elementor-accordion .elementor-accordion-item{border:1px solid #d5d8dc}.elementor-accordion .elementor-accordion-item+.elementor-accordion-item{border-top:none}.elementor-accordion .elementor-tab-title{margin:0;padding:15px 20px;font-weight:700;line-height:1;cursor:pointer;outline:none}.elementor-accordion .elementor-tab-title .elementor-accordion-icon{display:inline-block;width:1.5em}.elementor-accordion .elementor-tab-title .elementor-accordion-icon svg{width:1em;height:1em}.elementor-accordion .elementor-tab-title .elementor-accordion-icon.elementor-accordion-icon-right{float:right;text-align:right}.elementor-accordion .elementor-tab-title .elementor-accordion-icon.elementor-accordion-icon-left{float:left;text-align:left}.elementor-accordion .elementor-tab-title .elementor-accordion-icon .elementor-accordion-icon-closed{display:block}.elementor-accordion .elementor-tab-title .elementor-accordion-icon .elementor-accordion-icon-opened,.elementor-accordion .elementor-tab-title.elementor-active .elementor-accordion-icon-closed{display:none}.elementor-accordion .elementor-tab-title.elementor-active .elementor-accordion-icon-opened{display:block}.elementor-accordion .elementor-tab-content{display:none;padding:15px 20px;border-top:1px solid #d5d8dc}@media (max-width:767px){.elementor-accordion .elementor-tab-title{padding:12px 15px}.elementor-accordion .elementor-tab-title .elementor-accordion-icon{width:1.2em}.elementor-accordion .elementor-tab-content{padding:7px 15px}}.e-con-inner>.elementor-widget-accordion,.e-con>.elementor-widget-accordion{width:var(--container-widget-width);--flex-grow:var(--container-widget-flex-grow)}<\/style>\t\t<div class=\"elementor-accordion\">\n\t\t\t\t\t\t\t<div class=\"elementor-accordion-item\">\n\t\t\t\t\t<div id=\"elementor-tab-title-6911\" class=\"elementor-tab-title\" data-tab=\"1\" role=\"button\" aria-controls=\"elementor-tab-content-6911\" aria-expanded=\"false\">\n\t\t\t\t\t\t\t\t\t\t\t\t\t<span class=\"elementor-accordion-icon elementor-accordion-icon-left\" aria-hidden=\"true\">\n\t\t\t\t\t\t\t\t\t\t\t\t\t\t\t<span class=\"elementor-accordion-icon-closed\"><i class=\"fas fa-angle-down\"><\/i><\/span>\n\t\t\t\t\t\t\t\t<span class=\"elementor-accordion-icon-opened\"><i class=\"fas fa-minus\"><\/i><\/span>\n\t\t\t\t\t\t\t\t\t\t\t\t\t\t<\/span>\n\t\t\t\t\t\t\t\t\t\t\t\t<a class=\"elementor-accordion-title\" tabindex=\"0\">What are the advantages of DHI hair transplant technique?<\/a>\n\t\t\t\t\t<\/div>\n\t\t\t\t\t<div id=\"elementor-tab-content-6911\" class=\"elementor-tab-content elementor-clearfix\" data-tab=\"1\" role=\"region\" aria-labelledby=\"elementor-tab-title-6911\"><ul><li>Her hair is not shaved.<\/li><li>Die Heilungsdauer nach der Transplantation wird im Vergleich zur normalen Methode halbiert.<\/li><li>Da der Spenderbereich nicht rasiert wird, k\u00f6nnen Sie sofort mit Ihrem Leben fortfahren.<\/li><li>Since there is no canal opening process, your existing hair will not be damaged.<\/li><li>Im Vergleich zur normalen Haartransplantation ist die Anzahl der transplantierten Haarfollikel pro Quadratmeter doppelt so hoch.<\/li><li>Dies bedeutet eine dichtere Transplantation und noch volleres Haar.<\/li><li>F\u00fcr detaillierte Informationen klicken Sie bitte hier.<\/li><\/ul><\/div>\n\t\t\t\t<\/div>\n\t\t\t\t\t\t\t<div class=\"elementor-accordion-item\">\n\t\t\t\t\t<div id=\"elementor-tab-title-6912\" class=\"elementor-tab-title\" data-tab=\"2\" role=\"button\" aria-controls=\"elementor-tab-content-6912\" aria-expanded=\"false\">\n\t\t\t\t\t\t\t\t\t\t\t\t\t<span class=\"elementor-accordion-icon elementor-accordion-icon-left\" aria-hidden=\"true\">\n\t\t\t\t\t\t\t\t\t\t\t\t\t\t\t<span class=\"elementor-accordion-icon-closed\"><i class=\"fas fa-angle-down\"><\/i><\/span>\n\t\t\t\t\t\t\t\t<span class=\"elementor-accordion-icon-opened\"><i class=\"fas fa-minus\"><\/i><\/span>\n\t\t\t\t\t\t\t\t\t\t\t\t\t\t<\/span>\n\t\t\t\t\t\t\t\t\t\t\t\t<a class=\"elementor-accordion-title\" tabindex=\"0\">Was sind die Vorbereitungen f\u00fcr eine vollst\u00e4ndige haarrasierte Haartransplantation?<\/a>\n\t\t\t\t\t<\/div>\n\t\t\t\t\t<div id=\"elementor-tab-content-6912\" class=\"elementor-tab-content elementor-clearfix\" data-tab=\"2\" role=\"region\" aria-labelledby=\"elementor-tab-title-6912\"><p>Vor der Haartransplantation wird der Patient gebeten, seine Haare so lange wie m\u00f6glich wachsen zu lassen. Die vollst\u00e4ndige haarrasierte Haartransplantation wird insbesondere von langhaarigen Frauen und Personen bevorzugt, die ihre Haare l\u00e4nger als 15-20 cm tragen m\u00f6chten. Bei der vollst\u00e4ndigen haarrasierenden Haartransplantation wird ebenfalls die normale FUE-Technik angewendet. Im Vergleich zu herk\u00f6mmlichen Methoden dauert die vollst\u00e4ndige haarrasierte Haartransplantation in der Regel l\u00e4nger. Daher sollte das Team, das die Haartransplantation durchf\u00fchrt, aus erfahrenen, kompetenten, gut ausgebildeten, effektiven und gewissenhaften Fachleuten bestehen, die sich mit dem Gewebe auskennen und sich an die Planung halten k\u00f6nnen.<\/p><p>F\u00fcr weitere Informationen kontaktieren Sie uns bitte!<\/p><\/div>\n\t\t\t\t<\/div>\n\t\t\t\t\t\t\t<div class=\"elementor-accordion-item\">\n\t\t\t\t\t<div id=\"elementor-tab-title-6913\" class=\"elementor-tab-title\" data-tab=\"3\" role=\"button\" aria-controls=\"elementor-tab-content-6913\" aria-expanded=\"false\">\n\t\t\t\t\t\t\t\t\t\t\t\t\t<span class=\"elementor-accordion-icon elementor-accordion-icon-left\" aria-hidden=\"true\">\n\t\t\t\t\t\t\t\t\t\t\t\t\t\t\t<span class=\"elementor-accordion-icon-closed\"><i class=\"fas fa-angle-down\"><\/i><\/span>\n\t\t\t\t\t\t\t\t<span class=\"elementor-accordion-icon-opened\"><i class=\"fas fa-minus\"><\/i><\/span>\n\t\t\t\t\t\t\t\t\t\t\t\t\t\t<\/span>\n\t\t\t\t\t\t\t\t\t\t\t\t<a class=\"elementor-accordion-title\" tabindex=\"0\">Wer ist f\u00fcr eine regional rasierte Haartransplantation geeignet?<\/a>\n\t\t\t\t\t<\/div>\n\t\t\t\t\t<div id=\"elementor-tab-content-6913\" class=\"elementor-tab-content elementor-clearfix\" data-tab=\"3\" role=\"region\" aria-labelledby=\"elementor-tab-title-6913\"><p>B\u00f6lgesel T\u0131ra\u015flama wird bei Haartransplantationen angewendet, bei denen ein Bedarf von 1000-1500 Grafts besteht und nicht zu viel Kopfhaut sichtbar ist. Vor der Operation wird ein kleiner Bereich des h\u00e4ufigsten Teils der Hinterkopfregion rasiert, sodass nur ein kleiner Teil des Spenderbereichs rasiert wird.<\/p><p>F\u00fcr detaillierte Informationen k\u00f6nnen Sie uns kontaktieren.<\/p><\/div>\n\t\t\t\t<\/div>\n\t\t\t\t\t\t\t<div class=\"elementor-accordion-item\">\n\t\t\t\t\t<div id=\"elementor-tab-title-6914\" class=\"elementor-tab-title\" data-tab=\"4\" role=\"button\" aria-controls=\"elementor-tab-content-6914\" aria-expanded=\"false\">\n\t\t\t\t\t\t\t\t\t\t\t\t\t<span class=\"elementor-accordion-icon elementor-accordion-icon-left\" aria-hidden=\"true\">\n\t\t\t\t\t\t\t\t\t\t\t\t\t\t\t<span class=\"elementor-accordion-icon-closed\"><i class=\"fas fa-angle-down\"><\/i><\/span>\n\t\t\t\t\t\t\t\t<span class=\"elementor-accordion-icon-opened\"><i class=\"fas fa-minus\"><\/i><\/span>\n\t\t\t\t\t\t\t\t\t\t\t\t\t\t<\/span>\n\t\t\t\t\t\t\t\t\t\t\t\t<a class=\"elementor-accordion-title\" tabindex=\"0\">Who should choose Sapphire FUE hair transplant and why?<\/a>\n\t\t\t\t\t<\/div>\n\t\t\t\t\t<div id=\"elementor-tab-content-6914\" class=\"elementor-tab-content elementor-clearfix\" data-tab=\"4\" role=\"region\" aria-labelledby=\"elementor-tab-title-6914\"><p><strong>-\u00c4sthetischer, ges\u00fcnder.<\/strong><\/p><p>Die Verwendung von Saphirspitzen sorgt sowohl f\u00fcr gesundheitliche als auch \u00e4sthetische Vorteile und f\u00fchrt zu sch\u00f6nen Ergebnissen. Die Er\u00f6ffnung von mikroskopisch kleinen Kan\u00e4len im Vergleich zur Slit-Methode beschleunigt die Heilung und tr\u00e4gt erheblich dazu bei, keine Narben zu hinterlassen.<\/p><p><strong>\u2013 Nat\u00fcrlicher.<\/strong><\/p><p>Die dreieckige Form der Diamant-Saphirspitzen erleichtert die richtige Winkelung beim \u00d6ffnen der Kan\u00e4le und f\u00fchrt zu einem nat\u00fcrlicheren Aussehen der Haartransplantation.<\/p><p><strong>\u2013 Dichtere Haare.<\/strong><\/p><p>Die Diamant-Saphirspitzen sind im Vergleich zur Slit-Methode sehr klein, was das \u00d6ffnen dichterer Kan\u00e4le erm\u00f6glicht und zu einem dichten und nat\u00fcrlichen Ergebnis f\u00fchrt, das die Empf\u00e4nger der Haartransplantation erfreut.<\/p><p>F\u00fcr weitere Informationen gen\u00fcgt es, uns zu kontaktieren!<\/p><\/div>\n\t\t\t\t<\/div>\n\t\t\t\t\t\t\t<div class=\"elementor-accordion-item\">\n\t\t\t\t\t<div id=\"elementor-tab-title-6915\" class=\"elementor-tab-title\" data-tab=\"5\" role=\"button\" aria-controls=\"elementor-tab-content-6915\" aria-expanded=\"false\">\n\t\t\t\t\t\t\t\t\t\t\t\t\t<span class=\"elementor-accordion-icon elementor-accordion-icon-left\" aria-hidden=\"true\">\n\t\t\t\t\t\t\t\t\t\t\t\t\t\t\t<span class=\"elementor-accordion-icon-closed\"><i class=\"fas fa-angle-down\"><\/i><\/span>\n\t\t\t\t\t\t\t\t<span class=\"elementor-accordion-icon-opened\"><i class=\"fas fa-minus\"><\/i><\/span>\n\t\t\t\t\t\t\t\t\t\t\t\t\t\t<\/span>\n\t\t\t\t\t\t\t\t\t\t\t\t<a class=\"elementor-accordion-title\" tabindex=\"0\">Was ist die FUE-Haartransplantation?<\/a>\n\t\t\t\t\t<\/div>\n\t\t\t\t\t<div id=\"elementor-tab-content-6915\" class=\"elementor-tab-content elementor-clearfix\" data-tab=\"5\" role=\"region\" aria-labelledby=\"elementor-tab-title-6915\"><p>Die Schritte der FUE-Haartransplantation sind identisch mit denen der klassischen Haartransplantation. Nachdem der Spenderbereich, aus dem die Haarwurzeln entnommen werden sollen, mit Lokalan\u00e4sthesie vorbereitet wurde, erfolgt die Entnahme der Haarwurzeln mit geeigneten Mikromotorspitzen (0,7-0,9 mm), die an die Haartypen der Personen angepasst sind.<\/p><p>For more information you can contact us.<\/p><\/div>\n\t\t\t\t<\/div>\n\t\t\t\t\t\t\t\t<\/div>\n\t\t\t\t<\/div>\n\t\t\t\t<\/div>\n\t\t\t\t\t<\/div>\n\t\t<\/div>\n\t\t\t\t\t<\/div>\n\t\t<\/div>\n\t\t\t\t\t<\/div>\n\t\t<\/div>\n\t\t\t\t\t<\/div>\n\t\t<\/div>\n\t\t\t\t<\/div>","protected":false},"excerpt":{"rendered":"<p>Sapphire FUE Haartransplantation Was ist die Sapphire FUE Haartransplantation?Es handelt sich um die Durchf\u00fchrung der Kanal\u00f6ffnung, die die zweite Phase der Haartransplantation darstellt, mit Spitzen, die aus dem wertvollen Edelstein Saphir gefertigt sind, in Kombination mit der bestehenden FUE-Haartransplantationsmethode. Bei der Sapphire FUE-Haartransplantationsmethode bleibt der erste Schritt des Wurzellentnahmeprozesses sowie der letzte Schritt der Implantation, &hellip; <a href=\"https:\/\/estesaglik.de\/en\/safir-fue-sac-ekimi\/\" class=\"more-link\">Continue reading <span class=\"screen-reader-text\">Sapphire FUE Haartransplantation<\/span><\/a><\/p>","protected":false},"author":8,"featured_media":17260,"parent":0,"menu_order":0,"comment_status":"closed","ping_status":"closed","template":"","meta":{"footnotes":""},"class_list":["post-17425","page","type-page","status-publish","has-post-thumbnail","hentry"],"aioseo_notices":[],"_links":{"self":[{"href":"https:\/\/estesaglik.de\/en\/wp-json\/wp\/v2\/pages\/17425","targetHints":{"allow":["GET"]}}],"collection":[{"href":"https:\/\/estesaglik.de\/en\/wp-json\/wp\/v2\/pages"}],"about":[{"href":"https:\/\/estesaglik.de\/en\/wp-json\/wp\/v2\/types\/page"}],"author":[{"embeddable":true,"href":"https:\/\/estesaglik.de\/en\/wp-json\/wp\/v2\/users\/8"}],"replies":[{"embeddable":true,"href":"https:\/\/estesaglik.de\/en\/wp-json\/wp\/v2\/comments?post=17425"}],"version-history":[{"count":14,"href":"https:\/\/estesaglik.de\/en\/wp-json\/wp\/v2\/pages\/17425\/revisions"}],"predecessor-version":[{"id":19480,"href":"https:\/\/estesaglik.de\/en\/wp-json\/wp\/v2\/pages\/17425\/revisions\/19480"}],"wp:featuredmedia":[{"embeddable":true,"href":"https:\/\/estesaglik.de\/en\/wp-json\/wp\/v2\/media\/17260"}],"wp:attachment":[{"href":"https:\/\/estesaglik.de\/en\/wp-json\/wp\/v2\/media?parent=17425"}],"curies":[{"name":"wp","href":"https:\/\/api.w.org\/{rel}","templated":true}]}}