{"id":17433,"date":"2022-11-11T21:13:59","date_gmt":"2022-11-11T21:13:59","guid":{"rendered":"http:\/\/estesaglik.de\/?page_id=17433"},"modified":"2023-03-17T17:01:08","modified_gmt":"2023-03-17T17:01:08","slug":"dhi-fue-sac-ekimi","status":"publish","type":"page","link":"https:\/\/estesaglik.de\/en\/dhi-fue-sac-ekimi\/","title":{"rendered":"DHI FUE Sa\u00e7 Ekimi"},"content":{"rendered":"<div data-elementor-type=\"wp-page\" data-elementor-id=\"17433\" class=\"elementor elementor-17433\" data-elementor-post-type=\"page\">\n\t\t\t\t\t\t<div class=\"elementor-section elementor-top-section elementor-element elementor-element-5256a7e elementor-section-stretched ts-col-stretched-none ts-bg-color-over-image elementor-section-boxed elementor-section-height-default elementor-section-height-default\" data-id=\"5256a7e\" data-element_type=\"section\" data-settings=\"{&quot;stretch_section&quot;:&quot;section-stretched&quot;}\">\n\t\t\t\t\t\t<div class=\"elementor-container elementor-column-gap-default\">\n\t\t\t\t\t<div class=\"elementor-column elementor-col-33 elementor-top-column elementor-element elementor-element-1d1379c ts-bg-color-over-image\" data-id=\"1d1379c\" data-element_type=\"column\">\n\t\t\t<div class=\"elementor-widget-wrap elementor-element-populated\">\n\t\t\t\t\t\t\t<\/div>\n\t\t<\/div>\n\t\t\t\t<div class=\"elementor-column elementor-col-66 elementor-top-column elementor-element elementor-element-b67a8c8 ts-bg-color-over-image\" data-id=\"b67a8c8\" data-element_type=\"column\">\n\t\t\t<div class=\"elementor-widget-wrap elementor-element-populated\">\n\t\t\t\t\t\t<div class=\"elementor-element elementor-element-6c78655 elementor-widget elementor-widget-heading\" data-id=\"6c78655\" data-element_type=\"widget\" data-widget_type=\"heading.default\">\n\t\t\t\t<div class=\"elementor-widget-container\">\n\t\t\t<style>\/*! elementor - v3.23.0 - 05-08-2024 *\/\n.elementor-heading-title{padding:0;margin:0;line-height:1}.elementor-widget-heading .elementor-heading-title[class*=elementor-size-]>a{color:inherit;font-size:inherit;line-height:inherit}.elementor-widget-heading .elementor-heading-title.elementor-size-small{font-size:15px}.elementor-widget-heading .elementor-heading-title.elementor-size-medium{font-size:19px}.elementor-widget-heading .elementor-heading-title.elementor-size-large{font-size:29px}.elementor-widget-heading .elementor-heading-title.elementor-size-xl{font-size:39px}.elementor-widget-heading .elementor-heading-title.elementor-size-xxl{font-size:59px}<\/style><h1 class=\"elementor-heading-title elementor-size-default\">DHI FUE Sa\u00e7 Ekimi<\/h1>\t\t<\/div>\n\t\t\t\t<\/div>\n\t\t\t\t<div class=\"elementor-element elementor-element-1332a81 elementor-widget elementor-widget-text-editor\" data-id=\"1332a81\" data-element_type=\"widget\" data-widget_type=\"text-editor.default\">\n\t\t\t\t<div class=\"elementor-widget-container\">\n\t\t\t<style>\/*! elementor - v3.23.0 - 05-08-2024 *\/\n.elementor-widget-text-editor.elementor-drop-cap-view-stacked .elementor-drop-cap{background-color:#69727d;color:#fff}.elementor-widget-text-editor.elementor-drop-cap-view-framed .elementor-drop-cap{color:#69727d;border:3px solid;background-color:transparent}.elementor-widget-text-editor:not(.elementor-drop-cap-view-default) .elementor-drop-cap{margin-top:8px}.elementor-widget-text-editor:not(.elementor-drop-cap-view-default) .elementor-drop-cap-letter{width:1em;height:1em}.elementor-widget-text-editor .elementor-drop-cap{float:left;text-align:center;line-height:1;font-size:50px}.elementor-widget-text-editor .elementor-drop-cap-letter{display:inline-block}<\/style>\t\t\t\t<p>DHI FUE Sa\u00e7 Ekimi \u00fclkemizde \u00bd y\u0131ldan beri yayg\u0131nd\u0131r. Di\u011fer sa\u00e7 ekimi tekniklerinde \u00f6nemli oldu\u011fu gibi DH\u0130 sa\u00e7 ekim indide tecr\u00fcbe \u00e7ok \u00e7ok \u00f6nemlidir. Yapan ki\u015finin el al\u0131\u015fkanl\u0131\u011f\u0131n\u0131n olmas\u0131 ve dokuyu \u00e7ok iyi bilmesi gerekmektedir.<\/p>\n<p><img fetchpriority=\"high\" decoding=\"async\" class=\"alignnone wp-image-17434 size-full\" src=\"http:\/\/estesaglik.de\/wp-content\/uploads\/2022\/11\/dhi_hair_transplant_gorsel_este_Saglik.jpg\" alt=\"DHI FUE Sa\u00e7 Ekimi\" width=\"770\" height=\"577\" srcset=\"https:\/\/estesaglik.de\/wp-content\/uploads\/2022\/11\/dhi_hair_transplant_gorsel_este_Saglik.jpg 770w, https:\/\/estesaglik.de\/wp-content\/uploads\/2022\/11\/dhi_hair_transplant_gorsel_este_Saglik-300x225.jpg 300w, https:\/\/estesaglik.de\/wp-content\/uploads\/2022\/11\/dhi_hair_transplant_gorsel_este_Saglik-768x576.jpg 768w\" sizes=\"(max-width: 770px) 100vw, 770px\" \/><\/p>\n<p>\u0130\u015flem uzun ve biraz daha zor oldu\u011fu i\u00e7in daha da hassas ve sab\u0131rl\u0131 olunmal\u0131 Este Sa\u011fl\u0131k olarak DH\u0130 Sa\u00e7 Ekimi yap\u0131ld\u0131\u011f\u0131nda o g\u00fcn ba\u015fka bir operasyon almay\u0131z t\u00fcm enerjimizi ve yo\u011funlu\u011fumuzu o ki\u015fiye veririz. DH\u0130 Sa\u00e7 ekimi tekni\u011fini daha \u00e7ok s\u0131k\u0131la\u015ft\u0131rma operasyonlar\u0131nda tavsiye ederiz. Ki\u015fi tam d\u00f6k\u00fclme ya\u015famam\u0131\u015f ise veya sa\u00e7lar\u0131n\u0131 t\u0131ra\u015f ettirmek istemiyorsa bu teknik idealdir. Fakat tam kellik durum var ise Este Sa\u011fl\u0131k olarak tavsiye edilmez.<\/p>\n<p>DH\u0130 Sa\u00e7 Ekimi tekni\u011fi i\u00e7in uygun olup olmad\u0131\u011f\u0131n\u0131 ki\u015fin mevcut sa\u00e7 yap\u0131s\u0131 belirler. Burada te\u015fhisi do\u011fru belirlemek en \u00f6nemli noktad\u0131r.<\/p>\t\t\t\t\t\t<\/div>\n\t\t\t\t<\/div>\n\t\t\t\t<div class=\"elementor-section elementor-inner-section elementor-element elementor-element-61ed4d0 ts-col-stretched-none ts-bg-color-over-image elementor-section-boxed elementor-section-height-default elementor-section-height-default\" data-id=\"61ed4d0\" data-element_type=\"section\">\n\t\t\t\t\t\t<div class=\"elementor-container elementor-column-gap-default\">\n\t\t\t\t\t<div class=\"elementor-column elementor-col-100 elementor-inner-column elementor-element elementor-element-4edc182 ts-bg-color-over-image\" data-id=\"4edc182\" data-element_type=\"column\">\n\t\t\t<div class=\"elementor-widget-wrap elementor-element-populated\">\n\t\t\t\t\t\t<div class=\"elementor-element elementor-element-e5eb9d2 elementor-widget elementor-widget-heading\" data-id=\"e5eb9d2\" data-element_type=\"widget\" data-widget_type=\"heading.default\">\n\t\t\t\t<div class=\"elementor-widget-container\">\n\t\t\t<h4 class=\"elementor-heading-title elementor-size-default\">Frequently Asked Questions<\/h4>\t\t<\/div>\n\t\t\t\t<\/div>\n\t\t\t\t<div class=\"elementor-element elementor-element-3c233a9 elementor-widget elementor-widget-text-editor\" data-id=\"3c233a9\" data-element_type=\"widget\" data-widget_type=\"text-editor.default\">\n\t\t\t\t<div class=\"elementor-widget-container\">\n\t\t\t\t\t\t\t<section data-id=\"a847f3f\" data-element_type=\"section\"><div><div data-id=\"d2de250\" data-element_type=\"column\"><div><div data-id=\"43158c7\" data-element_type=\"widget\" data-widget_type=\"text-editor.default\"><div><p>It is important for us to quickly inform you about the issues you are wondering about before and after your hair, beard and eyebrow transplantation journey. Have you reviewed our frequently asked questions? If you would like to get more information, you can contact us at any time.\u00a0<a href=\"http:\/\/estesaglik.de\/en\/tr\/iletisim\/index.htm\/\">bize ula\u015fabilirsiniz.<\/a><\/p><\/div><\/div><\/div><\/div><\/div><\/section>\t\t\t\t\t\t<\/div>\n\t\t\t\t<\/div>\n\t\t\t\t<div class=\"elementor-element elementor-element-41f4e8e elementor-widget elementor-widget-accordion\" data-id=\"41f4e8e\" data-element_type=\"widget\" data-widget_type=\"accordion.default\">\n\t\t\t\t<div class=\"elementor-widget-container\">\n\t\t\t<style>\/*! elementor - v3.23.0 - 05-08-2024 *\/\n.elementor-accordion{text-align:start}.elementor-accordion .elementor-accordion-item{border:1px solid #d5d8dc}.elementor-accordion .elementor-accordion-item+.elementor-accordion-item{border-top:none}.elementor-accordion .elementor-tab-title{margin:0;padding:15px 20px;font-weight:700;line-height:1;cursor:pointer;outline:none}.elementor-accordion .elementor-tab-title .elementor-accordion-icon{display:inline-block;width:1.5em}.elementor-accordion .elementor-tab-title .elementor-accordion-icon svg{width:1em;height:1em}.elementor-accordion .elementor-tab-title .elementor-accordion-icon.elementor-accordion-icon-right{float:right;text-align:right}.elementor-accordion .elementor-tab-title .elementor-accordion-icon.elementor-accordion-icon-left{float:left;text-align:left}.elementor-accordion .elementor-tab-title .elementor-accordion-icon .elementor-accordion-icon-closed{display:block}.elementor-accordion .elementor-tab-title .elementor-accordion-icon .elementor-accordion-icon-opened,.elementor-accordion .elementor-tab-title.elementor-active .elementor-accordion-icon-closed{display:none}.elementor-accordion .elementor-tab-title.elementor-active .elementor-accordion-icon-opened{display:block}.elementor-accordion .elementor-tab-content{display:none;padding:15px 20px;border-top:1px solid #d5d8dc}@media (max-width:767px){.elementor-accordion .elementor-tab-title{padding:12px 15px}.elementor-accordion .elementor-tab-title .elementor-accordion-icon{width:1.2em}.elementor-accordion .elementor-tab-content{padding:7px 15px}}.e-con-inner>.elementor-widget-accordion,.e-con>.elementor-widget-accordion{width:var(--container-widget-width);--flex-grow:var(--container-widget-flex-grow)}<\/style>\t\t<div class=\"elementor-accordion\">\n\t\t\t\t\t\t\t<div class=\"elementor-accordion-item\">\n\t\t\t\t\t<div id=\"elementor-tab-title-6911\" class=\"elementor-tab-title\" data-tab=\"1\" role=\"button\" aria-controls=\"elementor-tab-content-6911\" aria-expanded=\"false\">\n\t\t\t\t\t\t\t\t\t\t\t\t\t<span class=\"elementor-accordion-icon elementor-accordion-icon-left\" aria-hidden=\"true\">\n\t\t\t\t\t\t\t\t\t\t\t\t\t\t\t<span class=\"elementor-accordion-icon-closed\"><i class=\"fas fa-angle-down\"><\/i><\/span>\n\t\t\t\t\t\t\t\t<span class=\"elementor-accordion-icon-opened\"><i class=\"fas fa-minus\"><\/i><\/span>\n\t\t\t\t\t\t\t\t\t\t\t\t\t\t<\/span>\n\t\t\t\t\t\t\t\t\t\t\t\t<a class=\"elementor-accordion-title\" tabindex=\"0\">What are the Advantages of Dhi Hair Transplantation Technique?<\/a>\n\t\t\t\t\t<\/div>\n\t\t\t\t\t<div id=\"elementor-tab-content-6911\" class=\"elementor-tab-content elementor-clearfix\" data-tab=\"1\" role=\"region\" aria-labelledby=\"elementor-tab-title-6911\"><ul><li>Your hair is not shaved<\/li><li>The healing process after transplantation is halved compared to normal transplantation.<\/li><li>Since the transplantation area is not shaved, you can instantly continue your life where you left off.<\/li><li>Since there is no grooving process, your existing hair will not be damaged.<\/li><li>Compared to the normal Hair Transplantation method, the number of hair follicles transplanted per square centimeter is twice as high. This means a denser transplantation and denser hair.<\/li><li>You can click here for detailed information.<\/li><\/ul><\/div>\n\t\t\t\t<\/div>\n\t\t\t\t\t\t\t<div class=\"elementor-accordion-item\">\n\t\t\t\t\t<div id=\"elementor-tab-title-6912\" class=\"elementor-tab-title\" data-tab=\"2\" role=\"button\" aria-controls=\"elementor-tab-content-6912\" aria-expanded=\"false\">\n\t\t\t\t\t\t\t\t\t\t\t\t\t<span class=\"elementor-accordion-icon elementor-accordion-icon-left\" aria-hidden=\"true\">\n\t\t\t\t\t\t\t\t\t\t\t\t\t\t\t<span class=\"elementor-accordion-icon-closed\"><i class=\"fas fa-angle-down\"><\/i><\/span>\n\t\t\t\t\t\t\t\t<span class=\"elementor-accordion-icon-opened\"><i class=\"fas fa-minus\"><\/i><\/span>\n\t\t\t\t\t\t\t\t\t\t\t\t\t\t<\/span>\n\t\t\t\t\t\t\t\t\t\t\t\t<a class=\"elementor-accordion-title\" tabindex=\"0\">What kind of preparation is required for Full Unshaven hair transplantation?<\/a>\n\t\t\t\t\t<\/div>\n\t\t\t\t\t<div id=\"elementor-tab-content-6912\" class=\"elementor-tab-content elementor-clearfix\" data-tab=\"2\" role=\"region\" aria-labelledby=\"elementor-tab-title-6912\"><p>Before hair transplantation, the person is asked to grow his\/her hair as long as possible. Full unshaved hair transplantation is preferred especially in women with long hair and in people who prefer to wear their hair longer than 15-20 cm. Normal FUE technique is also applied in full unshaven hair transplantation. Full unshaven hair transplantation takes a long time, especially compared to normal transplants. For this reason, the hair transplantation team should consist of individuals who can adapt to the planning, know the texture, are experienced, knowledgeable, equipped, effective and conscientious.<\/p><p>Contact us for detailed information!<\/p><\/div>\n\t\t\t\t<\/div>\n\t\t\t\t\t\t\t<div class=\"elementor-accordion-item\">\n\t\t\t\t\t<div id=\"elementor-tab-title-6913\" class=\"elementor-tab-title\" data-tab=\"3\" role=\"button\" aria-controls=\"elementor-tab-content-6913\" aria-expanded=\"false\">\n\t\t\t\t\t\t\t\t\t\t\t\t\t<span class=\"elementor-accordion-icon elementor-accordion-icon-left\" aria-hidden=\"true\">\n\t\t\t\t\t\t\t\t\t\t\t\t\t\t\t<span class=\"elementor-accordion-icon-closed\"><i class=\"fas fa-angle-down\"><\/i><\/span>\n\t\t\t\t\t\t\t\t<span class=\"elementor-accordion-icon-opened\"><i class=\"fas fa-minus\"><\/i><\/span>\n\t\t\t\t\t\t\t\t\t\t\t\t\t\t<\/span>\n\t\t\t\t\t\t\t\t\t\t\t\t<a class=\"elementor-accordion-title\" tabindex=\"0\">Who can undergo regional shaved hair transplantation?<\/a>\n\t\t\t\t\t<\/div>\n\t\t\t\t\t<div id=\"elementor-tab-content-6913\" class=\"elementor-tab-content elementor-clearfix\" data-tab=\"3\" role=\"region\" aria-labelledby=\"elementor-tab-title-6913\"><p>Regional shaving is applied in transplantations that do not have too many openings and require 1000-1500 graft roots. Before the operation, a small area is shaved from the most dense part of the nape area, and only a small part of the donor area is shaved.<\/p><p>You can contact us for detailed information.<\/p><\/div>\n\t\t\t\t<\/div>\n\t\t\t\t\t\t\t<div class=\"elementor-accordion-item\">\n\t\t\t\t\t<div id=\"elementor-tab-title-6914\" class=\"elementor-tab-title\" data-tab=\"4\" role=\"button\" aria-controls=\"elementor-tab-content-6914\" aria-expanded=\"false\">\n\t\t\t\t\t\t\t\t\t\t\t\t\t<span class=\"elementor-accordion-icon elementor-accordion-icon-left\" aria-hidden=\"true\">\n\t\t\t\t\t\t\t\t\t\t\t\t\t\t\t<span class=\"elementor-accordion-icon-closed\"><i class=\"fas fa-angle-down\"><\/i><\/span>\n\t\t\t\t\t\t\t\t<span class=\"elementor-accordion-icon-opened\"><i class=\"fas fa-minus\"><\/i><\/span>\n\t\t\t\t\t\t\t\t\t\t\t\t\t\t<\/span>\n\t\t\t\t\t\t\t\t\t\t\t\t<a class=\"elementor-accordion-title\" tabindex=\"0\">Who should choose Sapphire FUE Hair Transplantation and why?<\/a>\n\t\t\t\t\t<\/div>\n\t\t\t\t\t<div id=\"elementor-tab-content-6914\" class=\"elementor-tab-content elementor-clearfix\" data-tab=\"4\" role=\"region\" aria-labelledby=\"elementor-tab-title-6914\"><p><strong>-More Aesthetic, Healthier. <\/strong><\/p><p>Using Sapphire Tips ensures good results in terms of both health and aesthetics. Opening more micro channels compared to the slit method not only accelerates healing but also makes a significant contribution to leaving no scars.<\/p><p><strong>\u2013 More Natural. <\/strong><\/p><p>The front part of the Diamond Sapphire tips, with their triangular form, makes it easier to angle the canal while creating a more natural hair transplantation appearance.<\/p><p><strong> -Tighter Hair. <\/strong><\/p><p>In order to achieve the desired hair density, the diamond sapphire tips are very small compared to the slit method, allowing more frequent channels to be opened and a frequent and natural result that will make people who have hair transplantation happy.<\/p><p>Just contact us for detailed information!<\/p><\/div>\n\t\t\t\t<\/div>\n\t\t\t\t\t\t\t<div class=\"elementor-accordion-item\">\n\t\t\t\t\t<div id=\"elementor-tab-title-6915\" class=\"elementor-tab-title\" data-tab=\"5\" role=\"button\" aria-controls=\"elementor-tab-content-6915\" aria-expanded=\"false\">\n\t\t\t\t\t\t\t\t\t\t\t\t\t<span class=\"elementor-accordion-icon elementor-accordion-icon-left\" aria-hidden=\"true\">\n\t\t\t\t\t\t\t\t\t\t\t\t\t\t\t<span class=\"elementor-accordion-icon-closed\"><i class=\"fas fa-angle-down\"><\/i><\/span>\n\t\t\t\t\t\t\t\t<span class=\"elementor-accordion-icon-opened\"><i class=\"fas fa-minus\"><\/i><\/span>\n\t\t\t\t\t\t\t\t\t\t\t\t\t\t<\/span>\n\t\t\t\t\t\t\t\t\t\t\t\t<a class=\"elementor-accordion-title\" tabindex=\"0\">What is FUE Hair Transplantation?<\/a>\n\t\t\t\t\t<\/div>\n\t\t\t\t\t<div id=\"elementor-tab-content-6915\" class=\"elementor-tab-content elementor-clearfix\" data-tab=\"5\" role=\"region\" aria-labelledby=\"elementor-tab-title-6915\">Fue Hair Transplantation method is exactly the same as the classical hair transplantation stages. After the donor area where the hair follicles will be taken is ready with local anesthesia, the hair follicles are collected with micro motor tips (0.7-0.9 mm) suitable for the person's hair structure.\nYou can contact us for detailed information.<\/div>\n\t\t\t\t<\/div>\n\t\t\t\t\t\t\t\t<\/div>\n\t\t\t\t<\/div>\n\t\t\t\t<\/div>\n\t\t\t\t\t<\/div>\n\t\t<\/div>\n\t\t\t\t\t<\/div>\n\t\t<\/div>\n\t\t\t\t\t<\/div>\n\t\t<\/div>\n\t\t\t\t\t<\/div>\n\t\t<\/div>\n\t\t\t\t<\/div>","protected":false},"excerpt":{"rendered":"<p>DHI FUE Sa\u00e7 Ekimi DHI FUE Sa\u00e7 Ekimi \u00fclkemizde \u00bd y\u0131ldan beri yayg\u0131nd\u0131r. Di\u011fer sa\u00e7 ekimi tekniklerinde \u00f6nemli oldu\u011fu gibi DH\u0130 sa\u00e7 ekim indide tecr\u00fcbe \u00e7ok \u00e7ok \u00f6nemlidir. Yapan ki\u015finin el al\u0131\u015fkanl\u0131\u011f\u0131n\u0131n olmas\u0131 ve dokuyu \u00e7ok iyi bilmesi gerekmektedir. \u0130\u015flem uzun ve biraz daha zor oldu\u011fu i\u00e7in daha da hassas ve sab\u0131rl\u0131 olunmal\u0131 Este Sa\u011fl\u0131k &hellip; <a href=\"https:\/\/estesaglik.de\/en\/dhi-fue-sac-ekimi\/\" class=\"more-link\">Continue reading <span class=\"screen-reader-text\">DHI FUE Sa\u00e7 Ekimi<\/span><\/a><\/p>","protected":false},"author":8,"featured_media":17260,"parent":0,"menu_order":0,"comment_status":"closed","ping_status":"closed","template":"","meta":{"footnotes":""},"class_list":["post-17433","page","type-page","status-publish","has-post-thumbnail","hentry"],"aioseo_notices":[],"_links":{"self":[{"href":"https:\/\/estesaglik.de\/en\/wp-json\/wp\/v2\/pages\/17433","targetHints":{"allow":["GET"]}}],"collection":[{"href":"https:\/\/estesaglik.de\/en\/wp-json\/wp\/v2\/pages"}],"about":[{"href":"https:\/\/estesaglik.de\/en\/wp-json\/wp\/v2\/types\/page"}],"author":[{"embeddable":true,"href":"https:\/\/estesaglik.de\/en\/wp-json\/wp\/v2\/users\/8"}],"replies":[{"embeddable":true,"href":"https:\/\/estesaglik.de\/en\/wp-json\/wp\/v2\/comments?post=17433"}],"version-history":[{"count":17,"href":"https:\/\/estesaglik.de\/en\/wp-json\/wp\/v2\/pages\/17433\/revisions"}],"predecessor-version":[{"id":18336,"href":"https:\/\/estesaglik.de\/en\/wp-json\/wp\/v2\/pages\/17433\/revisions\/18336"}],"wp:featuredmedia":[{"embeddable":true,"href":"https:\/\/estesaglik.de\/en\/wp-json\/wp\/v2\/media\/17260"}],"wp:attachment":[{"href":"https:\/\/estesaglik.de\/en\/wp-json\/wp\/v2\/media?parent=17433"}],"curies":[{"name":"wp","href":"https:\/\/api.w.org\/{rel}","templated":true}]}}