{"id":17844,"date":"2022-11-21T08:07:42","date_gmt":"2022-11-21T08:07:42","guid":{"rendered":"http:\/\/estesaglik.de\/?page_id=17844"},"modified":"2022-12-17T13:07:05","modified_gmt":"2022-12-17T13:07:05","slug":"randevu-sonucu","status":"publish","type":"page","link":"https:\/\/estesaglik.de\/en\/randevu-sonucu\/","title":{"rendered":"Randevu Sonucu"},"content":{"rendered":"<div data-elementor-type=\"wp-page\" data-elementor-id=\"17844\" class=\"elementor elementor-17844\" data-elementor-post-type=\"page\">\n\t\t\t\t\t\t<section class=\"elementor-section elementor-top-section elementor-element elementor-element-ec69e9c ts-col-stretched-none ts-bg-color-over-image elementor-section-boxed elementor-section-height-default elementor-section-height-default\" data-id=\"ec69e9c\" data-element_type=\"section\">\n\t\t\t\t\t\t<div class=\"elementor-container elementor-column-gap-default\">\n\t\t\t\t\t<div class=\"elementor-column elementor-col-100 elementor-top-column elementor-element elementor-element-1068a6c ts-bg-color-over-image\" data-id=\"1068a6c\" data-element_type=\"column\">\n\t\t\t<div class=\"elementor-widget-wrap\">\n\t\t\t\t\t\t\t<\/div>\n\t\t<\/div>\n\t\t\t\t\t<\/div>\n\t\t<\/section>\n\t\t\t\t<\/div>","protected":false},"excerpt":{"rendered":"<p>Randevunuz Ba\u015far\u0131yla Olu\u015fturulmu\u015ftur<\/p>","protected":false},"author":8,"featured_media":0,"parent":0,"menu_order":0,"comment_status":"closed","ping_status":"closed","template":"page_randevu.php","meta":{"footnotes":""},"class_list":["post-17844","page","type-page","status-publish","hentry"],"aioseo_notices":[],"_links":{"self":[{"href":"https:\/\/estesaglik.de\/en\/wp-json\/wp\/v2\/pages\/17844","targetHints":{"allow":["GET"]}}],"collection":[{"href":"https:\/\/estesaglik.de\/en\/wp-json\/wp\/v2\/pages"}],"about":[{"href":"https:\/\/estesaglik.de\/en\/wp-json\/wp\/v2\/types\/page"}],"author":[{"embeddable":true,"href":"https:\/\/estesaglik.de\/en\/wp-json\/wp\/v2\/users\/8"}],"replies":[{"embeddable":true,"href":"https:\/\/estesaglik.de\/en\/wp-json\/wp\/v2\/comments?post=17844"}],"version-history":[{"count":11,"href":"https:\/\/estesaglik.de\/en\/wp-json\/wp\/v2\/pages\/17844\/revisions"}],"predecessor-version":[{"id":18005,"href":"https:\/\/estesaglik.de\/en\/wp-json\/wp\/v2\/pages\/17844\/revisions\/18005"}],"wp:attachment":[{"href":"https:\/\/estesaglik.de\/en\/wp-json\/wp\/v2\/media?parent=17844"}],"curies":[{"name":"wp","href":"https:\/\/api.w.org\/{rel}","templated":true}]}}