{"id":18188,"date":"2023-01-27T12:52:57","date_gmt":"2023-01-27T12:52:57","guid":{"rendered":"http:\/\/estesaglik.de\/?page_id=18188"},"modified":"2023-05-01T12:22:34","modified_gmt":"2023-05-01T12:22:34","slug":"sac-dokulmesinin-nedenleri","status":"publish","type":"page","link":"https:\/\/estesaglik.de\/en\/sac-dokulmesinin-nedenleri\/","title":{"rendered":"Sa\u00e7 D\u00f6k\u00fclmesinin Nedenleri?"},"content":{"rendered":"<div data-elementor-type=\"wp-page\" data-elementor-id=\"18188\" class=\"elementor elementor-18188\" data-elementor-post-type=\"page\">\n\t\t\t\t\t\t<section class=\"elementor-section elementor-top-section elementor-element elementor-element-31fe42b ts-col-stretched-none ts-bg-color-over-image elementor-section-boxed elementor-section-height-default elementor-section-height-default\" data-id=\"31fe42b\" data-element_type=\"section\">\n\t\t\t\t\t\t<div class=\"elementor-container elementor-column-gap-default\">\n\t\t\t\t\t<div class=\"elementor-column elementor-col-100 elementor-top-column elementor-element elementor-element-92487a8 ts-bg-color-over-image\" data-id=\"92487a8\" data-element_type=\"column\">\n\t\t\t<div class=\"elementor-widget-wrap elementor-element-populated\">\n\t\t\t\t\t\t<div class=\"elementor-element elementor-element-81ff5ce elementor-widget elementor-widget-text-editor\" data-id=\"81ff5ce\" data-element_type=\"widget\" data-widget_type=\"text-editor.default\">\n\t\t\t\t<div class=\"elementor-widget-container\">\n\t\t\t<style>\/*! elementor - v3.23.0 - 05-08-2024 *\/\n.elementor-widget-text-editor.elementor-drop-cap-view-stacked .elementor-drop-cap{background-color:#69727d;color:#fff}.elementor-widget-text-editor.elementor-drop-cap-view-framed .elementor-drop-cap{color:#69727d;border:3px solid;background-color:transparent}.elementor-widget-text-editor:not(.elementor-drop-cap-view-default) .elementor-drop-cap{margin-top:8px}.elementor-widget-text-editor:not(.elementor-drop-cap-view-default) .elementor-drop-cap-letter{width:1em;height:1em}.elementor-widget-text-editor .elementor-drop-cap{float:left;text-align:center;line-height:1;font-size:50px}.elementor-widget-text-editor .elementor-drop-cap-letter{display:inline-block}<\/style>\t\t\t\t<h1>Sa\u00e7 D\u00f6k\u00fclmesinin Nedenleri?<\/h1><p>Sa\u00e7 D\u00f6k\u00fclmesinin Nedenleri? aras\u0131nda neler yer almaktad\u0131r hi\u00e7 d\u00fc\u015f\u00fcnd\u00fcn\u00fcz m\u00fc?<\/p><p>Sa\u00e7lar\u0131m\u0131z\u2026 Kim istemez ki yo\u011fun, dolgun ve istedi\u011fi gibi \u015fekil verebilece\u011fi sa\u00e7lara sahip olmak? Elbette herkes ister. Fakat bu noktada, bizler istemesek de gerek elimizde olmayan nedenlerden dolay\u0131 (v\u00fccudumuzun ve sa\u00e7lar\u0131m\u0131z\u0131n yap\u0131s\u0131ndaki problemler), gerekse kendi sa\u00e7 sa\u011fl\u0131\u011f\u0131m\u0131z\u0131 \u00f6nemsemeyerek ve bilin\u00e7li olarak bak\u0131m yapmay\u0131p etkisi alt\u0131nda kald\u0131\u011f\u0131m\u0131z d\u0131\u015f etkenler nedeniyle maalesef sa\u00e7 d\u00f6k\u00fclmeleriyle kar\u015f\u0131 kar\u015f\u0131ya kal\u0131nabilmektedir.<\/p><p><strong><a href=\"https:\/\/www.facebook.com\/estesaglik\">Sa\u00e7 d\u00f6k\u00fclmesi<\/a>\u00a0<\/strong>konusunda en yayg\u0131n olarak g\u00f6r\u00fclen d\u00f6k\u00fclme nedenlerini inceledi\u011fimizde; kar\u015f\u0131m\u0131za en ba\u015fta \u0131rsi olmas\u0131 ile beraber geneti\u011fimize ba\u011fl\u0131 hormonal bozukluklar, vitamin eksiklikleri, stres fakt\u00f6r\u00fc, yanl\u0131\u015f beslenme al\u0131\u015fkanl\u0131klar\u0131 ve sa\u00e7a uygulanan yanl\u0131\u015f uygulamalar \u00e7\u0131kmaktad\u0131r.<\/p><p>G\u00fcnde 50 ile 100 tel sa\u00e7 d\u00f6k\u00fclmesi normal bir durumdur. Ancak sa\u00e7lar\u0131m\u0131z\u0131 her d\u00fczeltti\u011fimizde tutam tutam sa\u00e7 geliyor ve her ge\u00e7en g\u00fcn sa\u00e7 kal\u0131nl\u0131\u011f\u0131 inceliyorsa tipik sa\u00e7 d\u00f6k\u00fclmeniz var demektir. Hemen \u00f6nlem al\u0131nmal\u0131d\u0131r.<\/p><p>\u015e\u00fcphesiz sa\u011fl\u0131k bize verilen en b\u00fcy\u00fck nimettir. Sa\u011fl\u0131\u011f\u0131m\u0131z\u0131 koruman\u0131n en etkili fakt\u00f6r\u00fc do\u011fal ya\u015famd\u0131r.\u00a0<strong>Sa\u011fl\u0131kl\u0131 sa\u00e7 tedavisi ve<\/strong>\u00a0<strong>s\u0131k &amp; do\u011fal sa\u00e7 ekim<\/strong><strong>i<\/strong>\u00a0kendinizi daha iyi hissetmenize yard\u0131mc\u0131 olur.\u00a0<\/p><ul><li>Daha mutlu ve pozitif bir hayat\u0131n\u0131z olur.<\/li><li>Kendinize g\u00fcveninizi artt\u0131r\u0131r.<\/li><li>Hayata bak\u0131\u015f\u0131n\u0131z de\u011fi\u015fir.<\/li><li>Sa\u00e7l\u0131 haliniz, sa\u00e7s\u0131z halinizden olduk\u00e7a gen\u00e7 g\u00f6r\u00fcn\u00fcr.<\/li><li>Gen\u00e7 olmakta insana\u00a0mutluluk verir.<\/li><\/ul><p><strong>Sa\u00e7 d\u00f6k\u00fclmesi sorunu<\/strong>, \u00e7\u00f6z\u00fcm\u00fc olmayan bir problem de\u011fildir. Zaman\u0131nda kaybetti\u011finiz sa\u00e7lar\u0131n\u0131za \u00fcz\u00fclmektense\u00a0sa\u011fl\u0131kl\u0131 sa\u00e7 tedavisi veya s\u0131k<strong>\u00a0<\/strong>&amp; do\u011fal sa\u00e7 ekimi\u00a0yapt\u0131rarak\u00a0daha mutlu olabilirsiniz. Sa\u011fl\u0131ks\u0131z bir hayatla asla mutlu olamay\u0131z.\u00a0Este Sa\u011fl\u0131k olarak<strong>\u00a0\u201c<\/strong>\u00f6nce sa\u011fl\u0131k\u201d\u00a0ilkesiyle hareket etmeyi kendimize insani ve vicdani bir g\u00f6rev olarak benimsedik.<\/p>\t\t\t\t\t\t<\/div>\n\t\t\t\t<\/div>\n\t\t\t\t\t<\/div>\n\t\t<\/div>\n\t\t\t\t\t<\/div>\n\t\t<\/section>\n\t\t\t\t<section class=\"elementor-section elementor-top-section elementor-element elementor-element-bd431a2 ts-col-stretched-none ts-bg-color-over-image elementor-section-boxed elementor-section-height-default elementor-section-height-default\" data-id=\"bd431a2\" data-element_type=\"section\" data-settings=\"{&quot;background_background&quot;:&quot;classic&quot;}\">\n\t\t\t\t\t\t<div class=\"elementor-container elementor-column-gap-default\">\n\t\t\t\t\t<div class=\"elementor-column elementor-col-100 elementor-top-column elementor-element elementor-element-d6e00cf ts-bg-color-over-image\" data-id=\"d6e00cf\" data-element_type=\"column\">\n\t\t\t<div class=\"elementor-widget-wrap\">\n\t\t\t\t\t\t\t<\/div>\n\t\t<\/div>\n\t\t\t\t\t<\/div>\n\t\t<\/section>\n\t\t\t\t<section class=\"elementor-section elementor-top-section elementor-element elementor-element-b38be56 ts-col-stretched-none ts-bg-color-over-image elementor-section-boxed elementor-section-height-default elementor-section-height-default\" data-id=\"b38be56\" data-element_type=\"section\" data-settings=\"{&quot;background_background&quot;:&quot;classic&quot;}\">\n\t\t\t\t\t\t<div class=\"elementor-container elementor-column-gap-default\">\n\t\t\t\t\t<div class=\"elementor-column elementor-col-100 elementor-top-column elementor-element elementor-element-858dc99 ts-bg-color-over-image\" data-id=\"858dc99\" data-element_type=\"column\">\n\t\t\t<div class=\"elementor-widget-wrap elementor-element-populated\">\n\t\t\t\t\t\t<div class=\"elementor-element elementor-element-4dbe32a elementor-widget elementor-widget-testimonial\" data-id=\"4dbe32a\" data-element_type=\"widget\" data-widget_type=\"testimonial.default\">\n\t\t\t\t<div class=\"elementor-widget-container\">\n\t\t\t<style>\/*! elementor - v3.23.0 - 05-08-2024 *\/\n.elementor-testimonial-wrapper{overflow:hidden;text-align:center}.elementor-testimonial-wrapper .elementor-testimonial-content{font-size:1.3em;margin-bottom:20px}.elementor-testimonial-wrapper .elementor-testimonial-name{line-height:1.5;display:block}.elementor-testimonial-wrapper .elementor-testimonial-job{font-size:.85em;display:block}.elementor-testimonial-wrapper .elementor-testimonial-meta{width:100%;line-height:1}.elementor-testimonial-wrapper .elementor-testimonial-meta-inner{display:inline-block}.elementor-testimonial-wrapper .elementor-testimonial-meta .elementor-testimonial-details,.elementor-testimonial-wrapper .elementor-testimonial-meta .elementor-testimonial-image{display:table-cell;vertical-align:middle}.elementor-testimonial-wrapper .elementor-testimonial-meta .elementor-testimonial-image img{width:60px;height:60px;border-radius:50%;-o-object-fit:cover;object-fit:cover;max-width:none}.elementor-testimonial-wrapper .elementor-testimonial-meta.elementor-testimonial-image-position-aside .elementor-testimonial-image{padding-inline-end:15px}.elementor-testimonial-wrapper .elementor-testimonial-meta.elementor-testimonial-image-position-aside .elementor-testimonial-details{text-align:start}.elementor-testimonial-wrapper .elementor-testimonial-meta.elementor-testimonial-image-position-top .elementor-testimonial-details,.elementor-testimonial-wrapper .elementor-testimonial-meta.elementor-testimonial-image-position-top .elementor-testimonial-image{display:block}.elementor-testimonial-wrapper .elementor-testimonial-meta.elementor-testimonial-image-position-top .elementor-testimonial-image{margin-bottom:20px}<\/style>\t\t<div class=\"elementor-testimonial-wrapper\">\n\t\t\t\t\t\t\t<div class=\"elementor-testimonial-content\">Lorem ipsum dolor sit amet, consectetur adipiscing elit. Ut elit tellus, luctus nec ullamcorper mattis, pulvinar dapibus leo.<\/div>\n\t\t\t\n\t\t\t\t\t\t<div class=\"elementor-testimonial-meta elementor-has-image elementor-testimonial-image-position-aside\">\n\t\t\t\t<div class=\"elementor-testimonial-meta-inner\">\n\t\t\t\t\t\t\t\t\t\t\t<div class=\"elementor-testimonial-image\">\n\t\t\t\t\t\t\t<img decoding=\"async\" src=\"https:\/\/estesaglik.de\/wp-content\/plugins\/elementor\/assets\/images\/placeholder.png\" title=\"\" alt=\"\" loading=\"lazy\" \/>\t\t\t\t\t\t<\/div>\n\t\t\t\t\t\n\t\t\t\t\t\t\t\t\t\t<div class=\"elementor-testimonial-details\">\n\t\t\t\t\t\t\t\t\t\t\t\t\t\t<div class=\"elementor-testimonial-name\">John Doe<\/div>\n\t\t\t\t\t\t\t\t\t\t\t\t\t\t\t\t\t\t\t\t\t\t<div class=\"elementor-testimonial-job\">Designer<\/div>\n\t\t\t\t\t\t\t\t\t\t\t\t\t<\/div>\n\t\t\t\t\t\t\t\t\t<\/div>\n\t\t\t<\/div>\n\t\t\t\t\t<\/div>\n\t\t\t\t<\/div>\n\t\t\t\t<\/div>\n\t\t\t\t\t<\/div>\n\t\t<\/div>\n\t\t\t\t\t<\/div>\n\t\t<\/section>\n\t\t\t\t<\/div>","protected":false},"excerpt":{"rendered":"<p>Sa\u00e7 D\u00f6k\u00fclmesinin Nedenleri? Sa\u00e7 D\u00f6k\u00fclmesinin Nedenleri? aras\u0131nda neler yer almaktad\u0131r hi\u00e7 d\u00fc\u015f\u00fcnd\u00fcn\u00fcz m\u00fc? Sa\u00e7lar\u0131m\u0131z\u2026 Kim istemez ki yo\u011fun, dolgun ve istedi\u011fi gibi \u015fekil verebilece\u011fi sa\u00e7lara sahip olmak? Elbette herkes ister. Fakat bu noktada, bizler istemesek de gerek elimizde olmayan nedenlerden dolay\u0131 (v\u00fccudumuzun ve sa\u00e7lar\u0131m\u0131z\u0131n yap\u0131s\u0131ndaki problemler), gerekse kendi sa\u00e7 sa\u011fl\u0131\u011f\u0131m\u0131z\u0131 \u00f6nemsemeyerek ve bilin\u00e7li olarak bak\u0131m &hellip; <a href=\"https:\/\/estesaglik.de\/en\/sac-dokulmesinin-nedenleri\/\" class=\"more-link\">Continue reading <span class=\"screen-reader-text\">Sa\u00e7 D\u00f6k\u00fclmesinin Nedenleri?<\/span><\/a><\/p>","protected":false},"author":8,"featured_media":0,"parent":0,"menu_order":0,"comment_status":"closed","ping_status":"closed","template":"elementor_header_footer","meta":{"footnotes":""},"class_list":["post-18188","page","type-page","status-publish","hentry"],"aioseo_notices":[],"_links":{"self":[{"href":"https:\/\/estesaglik.de\/en\/wp-json\/wp\/v2\/pages\/18188","targetHints":{"allow":["GET"]}}],"collection":[{"href":"https:\/\/estesaglik.de\/en\/wp-json\/wp\/v2\/pages"}],"about":[{"href":"https:\/\/estesaglik.de\/en\/wp-json\/wp\/v2\/types\/page"}],"author":[{"embeddable":true,"href":"https:\/\/estesaglik.de\/en\/wp-json\/wp\/v2\/users\/8"}],"replies":[{"embeddable":true,"href":"https:\/\/estesaglik.de\/en\/wp-json\/wp\/v2\/comments?post=18188"}],"version-history":[{"count":12,"href":"https:\/\/estesaglik.de\/en\/wp-json\/wp\/v2\/pages\/18188\/revisions"}],"predecessor-version":[{"id":18440,"href":"https:\/\/estesaglik.de\/en\/wp-json\/wp\/v2\/pages\/18188\/revisions\/18440"}],"wp:attachment":[{"href":"https:\/\/estesaglik.de\/en\/wp-json\/wp\/v2\/media?parent=18188"}],"curies":[{"name":"wp","href":"https:\/\/api.w.org\/{rel}","templated":true}]}}