{"id":19043,"date":"2024-01-09T12:21:53","date_gmt":"2024-01-09T12:21:53","guid":{"rendered":"http:\/\/estesaglik.de\/?page_id=19043"},"modified":"2024-10-14T07:46:19","modified_gmt":"2024-10-14T07:46:19","slug":"anlasmali-kurumlarimiz","status":"publish","type":"page","link":"https:\/\/estesaglik.de\/en\/anlasmali-kurumlarimiz\/","title":{"rendered":"Our Contractual Institutions"},"content":{"rendered":"<div data-elementor-type=\"wp-page\" data-elementor-id=\"19043\" class=\"elementor elementor-19043\" data-elementor-post-type=\"page\">\n\t\t\t\t\t\t<section class=\"elementor-section elementor-top-section elementor-element elementor-element-9d7792f ts-bg-image-over-color elementor-section-full_width elementor-section-stretched ts-col-stretched-none elementor-section-height-default elementor-section-height-default\" data-id=\"9d7792f\" data-element_type=\"section\" data-settings=\"{&quot;stretch_section&quot;:&quot;section-stretched&quot;}\">\n\t\t\t\t\t\t<div class=\"elementor-container elementor-column-gap-default\">\n\t\t\t\t\t<div class=\"elementor-column elementor-col-33 elementor-top-column elementor-element elementor-element-ef1f4a7 ts-bg-color-over-image\" data-id=\"ef1f4a7\" data-element_type=\"column\">\n\t\t\t<div class=\"elementor-widget-wrap elementor-element-populated\">\n\t\t\t\t\t\t<div class=\"elementor-element elementor-element-9b7129c elementor-position-top elementor-widget elementor-widget-image-box\" data-id=\"9b7129c\" data-element_type=\"widget\" data-widget_type=\"image-box.default\">\n\t\t\t\t<div class=\"elementor-widget-container\">\n\t\t\t<style>\/*! elementor - v3.23.0 - 05-08-2024 *\/\n.elementor-widget-image-box .elementor-image-box-content{width:100%}@media (min-width:768px){.elementor-widget-image-box.elementor-position-left .elementor-image-box-wrapper,.elementor-widget-image-box.elementor-position-right .elementor-image-box-wrapper{display:flex}.elementor-widget-image-box.elementor-position-right .elementor-image-box-wrapper{text-align:end;flex-direction:row-reverse}.elementor-widget-image-box.elementor-position-left .elementor-image-box-wrapper{text-align:start;flex-direction:row}.elementor-widget-image-box.elementor-position-top .elementor-image-box-img{margin:auto}.elementor-widget-image-box.elementor-vertical-align-top .elementor-image-box-wrapper{align-items:flex-start}.elementor-widget-image-box.elementor-vertical-align-middle .elementor-image-box-wrapper{align-items:center}.elementor-widget-image-box.elementor-vertical-align-bottom .elementor-image-box-wrapper{align-items:flex-end}}@media (max-width:767px){.elementor-widget-image-box .elementor-image-box-img{margin-left:auto!important;margin-right:auto!important;margin-bottom:15px}}.elementor-widget-image-box .elementor-image-box-img{display:inline-block}.elementor-widget-image-box .elementor-image-box-title a{color:inherit}.elementor-widget-image-box .elementor-image-box-wrapper{text-align:center}.elementor-widget-image-box .elementor-image-box-description{margin:0}<\/style><div class=\"elementor-image-box-wrapper\"><figure class=\"elementor-image-box-img\"><a href=\"https:\/\/www.emseyhospital.com.tr\/tr\/\" tabindex=\"-1\"><img fetchpriority=\"high\" decoding=\"async\" width=\"878\" height=\"430\" src=\"https:\/\/estesaglik.de\/wp-content\/uploads\/2024\/01\/default_image.jpg\" class=\"attachment-2048x2048 size-2048x2048 wp-image-19046\" alt=\"\" data-id=\"19046\" srcset=\"https:\/\/estesaglik.de\/wp-content\/uploads\/2024\/01\/default_image.jpg 878w, https:\/\/estesaglik.de\/wp-content\/uploads\/2024\/01\/default_image-300x147.jpg 300w, https:\/\/estesaglik.de\/wp-content\/uploads\/2024\/01\/default_image-768x376.jpg 768w\" sizes=\"(max-width: 878px) 100vw, 878px\" \/><\/a><\/figure><div class=\"elementor-image-box-content\"><h3 class=\"elementor-image-box-title\"><a href=\"https:\/\/www.emseyhospital.com.tr\/tr\/\">EMSEY HOSPITAL<\/a><\/h3><p class=\"elementor-image-box-description\">Direkt neben dem internationalen Flughafen Istanbul Sabiha G\u00f6k\u00e7en verf\u00fcgen wir auf einer Fl\u00e4che von 38.000 m2 \u00fcber eine Bettenkapazit\u00e4t von 254, 9 Operationss\u00e4le, Allgemein-\/Koronar-\/Neugeborenen-Intensivstationen, normale Krei\u00dfs\u00e4le, Wassergeburtsr\u00e4ume, ca. 1000 Mitarbeiter, davon 350 Fachkr\u00e4fte im Gesundheitswesen, Aserbaidschan. Wir wachsen Tag f\u00fcr Tag mit unseren Vertretungen in Usbekistan, Kirgisistan und Oman. \u2022 3-Tesla-MRT und alle hochmodernen radiologischen Ger\u00e4te, \u2022 Onkologische Diagnoseeinheiten mit fortschrittlichen Laboren f\u00fcr Biochemie und Pathologie, \u2022 Interventionelle Radiologie, Nuklearmedizin und Mikrosph\u00e4rentherapie, \u2022 Laparoskopische onkologische Chirurgie, Medizinische Onkologie und Radioonkologie mit Trilogie-Ger\u00e4t , \u2022 Abteilungen f\u00fcr Knochenmarktransplantationen f\u00fcr Kinder und Erwachsene, \u2022 Psychoonkologie, die den Kampf unserer Patienten gegen Krebs erleichtert, \u2022 Emsey Oncology Center mit multidisziplin\u00e4ren Tumorr\u00e4ten, \u2022 Abteilung f\u00fcr fortgeschrittene Wirbels\u00e4ulenchirurgie, wo alle Wirbels\u00e4ulenerkrankungen bei Kindern und Erwachsenen behandelt werden kann diagnostiziert und behandelt werden und bietet moderne Behandlungen mit seiner \u00fcberlegenen technischen Ausstattung und seinem erfahrenen \u00c4rztepersonal. \u2022 Das Sports Emsey Orthopaedics Center, das \u00fcber Abteilungen f\u00fcr fortgeschrittene Gelenkchirurgie verf\u00fcgt, in denen Traumatologie und alle Arten arthroskopischer Operationen erfolgreich durchgef\u00fchrt werden, arbeitet in voller Harmonie mit Branchen wie z Zu den Fachbereichen geh\u00f6ren Gehirn- und Nervenchirurgie, Physiotherapie und Rehabilitation sowie Rheumatologie und sie verfolgen einen ganzheitlichen Ansatz f\u00fcr den Patienten.<\/p><\/div><\/div>\t\t<\/div>\n\t\t\t\t<\/div>\n\t\t\t\t\t<\/div>\n\t\t<\/div>\n\t\t\t\t<div class=\"elementor-column elementor-col-33 elementor-top-column elementor-element elementor-element-1a61e5d ts-bg-color-over-image\" data-id=\"1a61e5d\" data-element_type=\"column\">\n\t\t\t<div class=\"elementor-widget-wrap elementor-element-populated\">\n\t\t\t\t\t\t<div class=\"elementor-element elementor-element-bc5a796 elementor-position-top elementor-widget elementor-widget-image-box\" data-id=\"bc5a796\" data-element_type=\"widget\" data-widget_type=\"image-box.default\">\n\t\t\t\t<div class=\"elementor-widget-container\">\n\t\t\t<div class=\"elementor-image-box-wrapper\"><figure class=\"elementor-image-box-img\"><a href=\"https:\/\/bolgehastanesi.com\" tabindex=\"-1\"><img decoding=\"async\" width=\"1280\" height=\"720\" src=\"https:\/\/estesaglik.de\/wp-content\/uploads\/2024\/01\/maxresdefault.jpg\" class=\"attachment-2048x2048 size-2048x2048 wp-image-19045\" alt=\"\" data-id=\"19045\" srcset=\"https:\/\/estesaglik.de\/wp-content\/uploads\/2024\/01\/maxresdefault.jpg 1280w, https:\/\/estesaglik.de\/wp-content\/uploads\/2024\/01\/maxresdefault-300x169.jpg 300w, https:\/\/estesaglik.de\/wp-content\/uploads\/2024\/01\/maxresdefault-1024x576.jpg 1024w, https:\/\/estesaglik.de\/wp-content\/uploads\/2024\/01\/maxresdefault-768x432.jpg 768w\" sizes=\"(max-width: 1280px) 100vw, 1280px\" \/><\/a><\/figure><div class=\"elementor-image-box-content\"><h3 class=\"elementor-image-box-title\"><a href=\"https:\/\/bolgehastanesi.com\">PRIVATE PENDIK REGION HOSPITAL<\/a><\/h3><p class=\"elementor-image-box-description\">Von der Joint Commission International akkreditierte Einrichtung Das Private Pendik Regional Hospital ist das Krankenhaus, das zum vierten Mal das Krankenhausakkreditierungszertifikat der Joint Commission International (JCI) erhalten hat. Unser Krankenhaus liegt neben der U-Bahn-Station Tav\u015fantepe an der Autobahn E5 und ist nur 10 km vom internationalen Flughafen Sabiha G\u00f6k\u00e7en entfernt. Unser Krankenhaus befindet sich auf einer geschlossenen Fl\u00e4che von etwa 14.000 Quadratmetern im Bezirk Pendik und verf\u00fcgt \u00fcber eine Gesamtkapazit\u00e4t von 160 Betten (98 Patientenbetten, 52 Intensivbetten und 10 Beobachtungsbetten).\nEMSEY-KRANKENHAUS<\/p><\/div><\/div>\t\t<\/div>\n\t\t\t\t<\/div>\n\t\t\t\t\t<\/div>\n\t\t<\/div>\n\t\t\t\t<div class=\"elementor-column elementor-col-33 elementor-top-column elementor-element elementor-element-de60079 ts-bg-color-over-image\" data-id=\"de60079\" data-element_type=\"column\">\n\t\t\t<div class=\"elementor-widget-wrap elementor-element-populated\">\n\t\t\t\t\t\t<div class=\"elementor-element elementor-element-75a29ff elementor-position-top elementor-widget elementor-widget-image-box\" data-id=\"75a29ff\" data-element_type=\"widget\" data-widget_type=\"image-box.default\">\n\t\t\t\t<div class=\"elementor-widget-container\">\n\t\t\t<div class=\"elementor-image-box-wrapper\"><figure class=\"elementor-image-box-img\"><a href=\"https:\/\/clinicbaytekininternational.com\/\" tabindex=\"-1\"><img decoding=\"async\" width=\"1050\" height=\"495\" src=\"https:\/\/estesaglik.de\/wp-content\/uploads\/2024\/01\/about-caghan-baytekin.jpg\" class=\"attachment-2048x2048 size-2048x2048 wp-image-19048\" alt=\"\" data-id=\"19048\" srcset=\"https:\/\/estesaglik.de\/wp-content\/uploads\/2024\/01\/about-caghan-baytekin.jpg 1050w, https:\/\/estesaglik.de\/wp-content\/uploads\/2024\/01\/about-caghan-baytekin-300x141.jpg 300w, https:\/\/estesaglik.de\/wp-content\/uploads\/2024\/01\/about-caghan-baytekin-1024x483.jpg 1024w, https:\/\/estesaglik.de\/wp-content\/uploads\/2024\/01\/about-caghan-baytekin-768x362.jpg 768w\" sizes=\"(max-width: 1050px) 100vw, 1050px\" \/><\/a><\/figure><div class=\"elementor-image-box-content\"><h3 class=\"elementor-image-box-title\"><a href=\"https:\/\/clinicbaytekininternational.com\/\">Clinic Bay Tekinin Ternational<\/a><\/h3><p class=\"elementor-image-box-description\">Basierend auf dem Motto \u201eGl\u00fcckliche Klinik und gl\u00fccklicher Patient\u201c hat sich Dr. Baytekin zu einem plastischen Chirurgen entwickelt, der im Laufe der Jahre als \u201eGl\u00fccklicher Arzt\u201c bekannt ist, indem er daf\u00fcr sorgt, dass kein Patient die Klinik ungl\u00fccklich verl\u00e4sst.\n\nDr. Baytekin ist auf Brustchirurgie, \u00e4sthetische\/kosmetisch-plastische Chirurgie der Nase, des Gesichts und des K\u00f6rpers spezialisiert und einer der f\u00fchrenden Chirurgen in \u0130zmir. Seine Praxis umfasst internationale Patienten, Unterhaltungsk\u00fcnstler, Modeikonen und Models. Seine chirurgischen F\u00e4higkeiten und sein klinisches Urteilsverm\u00f6gen werden von einer breiten internationalen Kundschaft gesch\u00e4tzt und sind daher gefragt.<\/p><\/div><\/div>\t\t<\/div>\n\t\t\t\t<\/div>\n\t\t\t\t\t<\/div>\n\t\t<\/div>\n\t\t\t\t\t<\/div>\n\t\t<\/section>\n\t\t\t\t<\/div>","protected":false},"excerpt":{"rendered":"<p>EMSEY HOSPITAL Direkt neben dem internationalen Flughafen Istanbul Sabiha G\u00f6k\u00e7en verf\u00fcgen wir auf einer Fl\u00e4che von 38.000 m2 \u00fcber eine Bettenkapazit\u00e4t von 254, 9 Operationss\u00e4le, Allgemein-\/Koronar-\/Neugeborenen-Intensivstationen, normale Krei\u00dfs\u00e4le, Wassergeburtsr\u00e4ume, ca. 1000 Mitarbeiter, davon 350 Fachkr\u00e4fte im Gesundheitswesen, Aserbaidschan. Wir wachsen Tag f\u00fcr Tag mit unseren Vertretungen in Usbekistan, Kirgisistan und Oman. \u2022 3-Tesla-MRT und alle &hellip; <a href=\"https:\/\/estesaglik.de\/en\/anlasmali-kurumlarimiz\/\" class=\"more-link\">Continue reading <span class=\"screen-reader-text\">Our Contractual Institutions<\/span><\/a><\/p>","protected":false},"author":8,"featured_media":0,"parent":0,"menu_order":0,"comment_status":"closed","ping_status":"closed","template":"","meta":{"footnotes":""},"class_list":["post-19043","page","type-page","status-publish","hentry"],"aioseo_notices":[],"_links":{"self":[{"href":"https:\/\/estesaglik.de\/en\/wp-json\/wp\/v2\/pages\/19043","targetHints":{"allow":["GET"]}}],"collection":[{"href":"https:\/\/estesaglik.de\/en\/wp-json\/wp\/v2\/pages"}],"about":[{"href":"https:\/\/estesaglik.de\/en\/wp-json\/wp\/v2\/types\/page"}],"author":[{"embeddable":true,"href":"https:\/\/estesaglik.de\/en\/wp-json\/wp\/v2\/users\/8"}],"replies":[{"embeddable":true,"href":"https:\/\/estesaglik.de\/en\/wp-json\/wp\/v2\/comments?post=19043"}],"version-history":[{"count":11,"href":"https:\/\/estesaglik.de\/en\/wp-json\/wp\/v2\/pages\/19043\/revisions"}],"predecessor-version":[{"id":19473,"href":"https:\/\/estesaglik.de\/en\/wp-json\/wp\/v2\/pages\/19043\/revisions\/19473"}],"wp:attachment":[{"href":"https:\/\/estesaglik.de\/en\/wp-json\/wp\/v2\/media?parent=19043"}],"curies":[{"name":"wp","href":"https:\/\/api.w.org\/{rel}","templated":true}]}}